{"id":2825,"date":"2025-01-14T09:42:51","date_gmt":"2025-01-14T09:42:51","guid":{"rendered":"https:\/\/amdblue.fr\/?page_id=2825"},"modified":"2025-01-14T09:43:34","modified_gmt":"2025-01-14T09:43:34","slug":"gabriel-cv","status":"publish","type":"page","link":"https:\/\/amdblue.fr\/en\/gabriel-cv\/","title":{"rendered":"Gabriel CV"},"content":{"rendered":"<div data-elementor-type=\"wp-page\" data-elementor-id=\"2825\" class=\"elementor elementor-2825\" data-elementor-post-type=\"page\">\n\t\t\t\t<div class=\"elementor-element elementor-element-f5c6108 e-flex e-con-boxed e-con e-parent\" data-id=\"f5c6108\" data-element_type=\"container\" data-settings=\"{&quot;background_background&quot;:&quot;gradient&quot;}\">\n\t\t\t\t\t<div class=\"e-con-inner\">\n\t\t<div class=\"elementor-element elementor-element-d92e2f9 e-con-full e-flex e-con e-child\" data-id=\"d92e2f9\" data-element_type=\"container\">\n\t\t\t\t<div class=\"elementor-element elementor-element-881f034 elementor-widget__width-inherit elementor-invisible elementor-widget elementor-widget-heading\" data-id=\"881f034\" data-element_type=\"widget\" data-settings=\"{&quot;_animation&quot;:&quot;fadeInUp&quot;}\" data-widget_type=\"heading.default\">\n\t\t\t\t<div class=\"elementor-widget-container\">\n\t\t\t\t\t<h1 class=\"elementor-heading-title elementor-size-default\">Gabriel CV<\/h1>\t\t\t\t<\/div>\n\t\t\t\t<\/div>\n\t\t\t\t<\/div>\n\t\t<div class=\"elementor-element elementor-element-922f7f4 e-con-full e-flex e-con e-child\" data-id=\"922f7f4\" data-element_type=\"container\" data-settings=\"{&quot;background_background&quot;:&quot;classic&quot;}\">\n\t\t<div class=\"elementor-element elementor-element-9c7d82f e-con-full e-flex e-con e-child\" data-id=\"9c7d82f\" data-element_type=\"container\">\n\t\t<div class=\"elementor-element elementor-element-316699d e-con-full e-flex e-con e-child\" data-id=\"316699d\" data-element_type=\"container\">\n\t\t\t\t<div class=\"elementor-element elementor-element-6cd6f28 elementor-widget elementor-widget-heading\" data-id=\"6cd6f28\" data-element_type=\"widget\" data-widget_type=\"heading.default\">\n\t\t\t\t<div class=\"elementor-widget-container\">\n\t\t\t\t\t<h2 class=\"elementor-heading-title elementor-size-default\">Gabriel S.<\/h2>\t\t\t\t<\/div>\n\t\t\t\t<\/div>\n\t\t\t\t<div class=\"elementor-element elementor-element-7c34461 elementor-widget elementor-widget-spacer\" data-id=\"7c34461\" data-element_type=\"widget\" data-widget_type=\"spacer.default\">\n\t\t\t\t<div class=\"elementor-widget-container\">\n\t\t\t\t\t\t\t<div class=\"elementor-spacer\">\n\t\t\t<div class=\"elementor-spacer-inner\"><\/div>\n\t\t<\/div>\n\t\t\t\t\t\t<\/div>\n\t\t\t\t<\/div>\n\t\t\t\t<div class=\"elementor-element elementor-element-8601f47 elementor-widget elementor-widget-heading\" data-id=\"8601f47\" data-element_type=\"widget\" data-widget_type=\"heading.default\">\n\t\t\t\t<div class=\"elementor-widget-container\">\n\t\t\t\t\t<h2 class=\"elementor-heading-title elementor-size-default\">Technicien Office 365 (support et migration) \/ ServiceNow<\/h2>\t\t\t\t<\/div>\n\t\t\t\t<\/div>\n\t\t\t\t<div class=\"elementor-element elementor-element-f854efa elementor-widget elementor-widget-spacer\" data-id=\"f854efa\" data-element_type=\"widget\" data-widget_type=\"spacer.default\">\n\t\t\t\t<div class=\"elementor-widget-container\">\n\t\t\t\t\t\t\t<div class=\"elementor-spacer\">\n\t\t\t<div class=\"elementor-spacer-inner\"><\/div>\n\t\t<\/div>\n\t\t\t\t\t\t<\/div>\n\t\t\t\t<\/div>\n\t\t\t\t<div class=\"elementor-element elementor-element-57a9b4d elementor-widget elementor-widget-heading\" data-id=\"57a9b4d\" data-element_type=\"widget\" data-widget_type=\"heading.default\">\n\t\t\t\t<div class=\"elementor-widget-container\">\n\t\t\t\t\t<h2 class=\"elementor-heading-title elementor-size-default\">Anglais Niveau A2<\/h2>\t\t\t\t<\/div>\n\t\t\t\t<\/div>\n\t\t\t\t<\/div>\n\t\t<div class=\"elementor-element elementor-element-061d5fc e-con-full e-flex e-con e-child\" data-id=\"061d5fc\" data-element_type=\"container\">\n\t\t\t\t<div class=\"elementor-element elementor-element-c6a39d3 elementor-widget__width-inherit elementor-widget elementor-widget-image\" data-id=\"c6a39d3\" data-element_type=\"widget\" data-widget_type=\"image.default\">\n\t\t\t\t<div class=\"elementor-widget-container\">\n\t\t\t\t\t\t\t\t\t\t\t\t\t\t\t<img decoding=\"async\" width=\"300\" height=\"74\" src=\"https:\/\/amdblue.fr\/wp-content\/uploads\/2024\/05\/Lockup-Horizontal-Colored-black-1-300x74.png\" class=\"attachment-medium size-medium wp-image-1963\" alt=\"\" srcset=\"https:\/\/amdblue.fr\/wp-content\/uploads\/2024\/05\/Lockup-Horizontal-Colored-black-1-300x74.png 300w, https:\/\/amdblue.fr\/wp-content\/uploads\/2024\/05\/Lockup-Horizontal-Colored-black-1-1024x251.png 1024w, https:\/\/amdblue.fr\/wp-content\/uploads\/2024\/05\/Lockup-Horizontal-Colored-black-1-768x188.png 768w, https:\/\/amdblue.fr\/wp-content\/uploads\/2024\/05\/Lockup-Horizontal-Colored-black-1-18x4.png 18w, https:\/\/amdblue.fr\/wp-content\/uploads\/2024\/05\/Lockup-Horizontal-Colored-black-1.png 1285w\" sizes=\"100vw\" \/>\t\t\t\t\t\t\t\t\t\t\t\t\t\t\t<\/div>\n\t\t\t\t<\/div>\n\t\t\t\t<\/div>\n\t\t\t\t<\/div>\n\t\t\t\t<div class=\"elementor-element elementor-element-9741302 elementor-widget elementor-widget-spacer\" data-id=\"9741302\" data-element_type=\"widget\" data-widget_type=\"spacer.default\">\n\t\t\t\t<div class=\"elementor-widget-container\">\n\t\t\t\t\t\t\t<div class=\"elementor-spacer\">\n\t\t\t<div class=\"elementor-spacer-inner\"><\/div>\n\t\t<\/div>\n\t\t\t\t\t\t<\/div>\n\t\t\t\t<\/div>\n\t\t<div class=\"elementor-element elementor-element-6cc688a e-con-full e-flex e-con e-child\" data-id=\"6cc688a\" data-element_type=\"container\">\n\t\t\t\t<div class=\"elementor-element elementor-element-c690e8d elementor-widget elementor-widget-heading\" data-id=\"c690e8d\" data-element_type=\"widget\" data-widget_type=\"heading.default\">\n\t\t\t\t<div class=\"elementor-widget-container\">\n\t\t\t\t\t<h2 class=\"elementor-heading-title elementor-size-default\">Dipl\u00f4mes<\/h2>\t\t\t\t<\/div>\n\t\t\t\t<\/div>\n\t\t\t\t<div class=\"elementor-element elementor-element-d021e82 elementor-widget elementor-widget-text-editor\" data-id=\"d021e82\" data-element_type=\"widget\" data-widget_type=\"text-editor.default\">\n\t\t\t\t<div class=\"elementor-widget-container\">\n\t\t\t\t\t\t\t\t\t<ul><li style=\"list-style-type: none;\"><ul><li>IPI &#8211; Groupe IGS &#8211; Technicien Support Informatique &#8211; Office 365 \u2013 R\u00e9seaux Syst\u00e8mes &#8211;\u00a0<strong>2024<\/strong><\/li><li>Licence 2 de math\u00e9matique &#8211; Universit\u00e9 D\u2019Aix-Marseille &#8211; Alg\u00e8bre, Probabilit\u00e9s \u2013 <strong>2022<\/strong><\/li><li>Licence Maths-info &#8211; Universit\u00e9 Paris Descartes &#8211; <strong style=\"font-size: 1rem;\">2020<\/strong><\/li><\/ul><ul><li>Bac S &#8211; Obtention du baccalaur\u00e9at scientifique avec sp\u00e9cialit\u00e9 maths &#8211; <strong>2018<\/strong><\/li><\/ul><\/li><\/ul>\t\t\t\t\t\t\t\t<\/div>\n\t\t\t\t<\/div>\n\t\t\t\t<div class=\"elementor-element elementor-element-95f283c elementor-widget elementor-widget-spacer\" data-id=\"95f283c\" data-element_type=\"widget\" data-widget_type=\"spacer.default\">\n\t\t\t\t<div class=\"elementor-widget-container\">\n\t\t\t\t\t\t\t<div class=\"elementor-spacer\">\n\t\t\t<div class=\"elementor-spacer-inner\"><\/div>\n\t\t<\/div>\n\t\t\t\t\t\t<\/div>\n\t\t\t\t<\/div>\n\t\t\t\t<div class=\"elementor-element elementor-element-b669d0a elementor-widget elementor-widget-heading\" data-id=\"b669d0a\" data-element_type=\"widget\" data-widget_type=\"heading.default\">\n\t\t\t\t<div class=\"elementor-widget-container\">\n\t\t\t\t\t<h2 class=\"elementor-heading-title elementor-size-default\">Comp\u00e9tences techniques<\/h2>\t\t\t\t<\/div>\n\t\t\t\t<\/div>\n\t\t\t\t<div class=\"elementor-element elementor-element-a246e90 elementor-widget elementor-widget-text-editor\" data-id=\"a246e90\" data-element_type=\"widget\" data-widget_type=\"text-editor.default\">\n\t\t\t\t<div class=\"elementor-widget-container\">\n\t\t\t\t\t\t\t\t\t<ul><li>O365<\/li><li>Teams<\/li><li>Azure<\/li><li>Viva<\/li><li>Sharepoint<\/li><li>Adobe Acrobat<\/li><\/ul>\t\t\t\t\t\t\t\t<\/div>\n\t\t\t\t<\/div>\n\t\t\t\t<div class=\"elementor-element elementor-element-d03b735 elementor-widget elementor-widget-spacer\" data-id=\"d03b735\" data-element_type=\"widget\" data-widget_type=\"spacer.default\">\n\t\t\t\t<div class=\"elementor-widget-container\">\n\t\t\t\t\t\t\t<div class=\"elementor-spacer\">\n\t\t\t<div class=\"elementor-spacer-inner\"><\/div>\n\t\t<\/div>\n\t\t\t\t\t\t<\/div>\n\t\t\t\t<\/div>\n\t\t\t\t<div class=\"elementor-element elementor-element-adac07c elementor-widget elementor-widget-heading\" data-id=\"adac07c\" data-element_type=\"widget\" data-widget_type=\"heading.default\">\n\t\t\t\t<div class=\"elementor-widget-container\">\n\t\t\t\t\t<h2 class=\"elementor-heading-title elementor-size-default\">Exp\u00e9riences professionnelles<\/h2>\t\t\t\t<\/div>\n\t\t\t\t<\/div>\n\t\t\t\t<div class=\"elementor-element elementor-element-e535058 elementor-widget elementor-widget-text-editor\" data-id=\"e535058\" data-element_type=\"widget\" data-widget_type=\"text-editor.default\">\n\t\t\t\t<div class=\"elementor-widget-container\">\n\t\t\t\t\t\t\t\t\t<p><strong>AMD BLUE\u00a0<\/strong><\/p><p>Depuis 09\/2023<\/p><p><strong>R\u00f4le: Technicien Office 365<\/strong><\/p><p><strong>R\u00e9alisations\u00a0:<\/strong><\/p><ul><li>Projet de migration du domaine et des mails vers Office 365.<ul><li>Planification et ex\u00e9cution de la migration des comptes de messagerie existants vers Office 365, en veillant \u00e0 une transition fluide et \u00e0 une continuit\u00e9 des services pour les utilisateurs.<\/li><li>Configuration des comptes, mise \u00e0 jour des enregistrements DNS et assistance technique pour assurer le succ\u00e8s de la migration.<\/li><\/ul><\/li><li>Conception d\u2019une architecture s\u00e9curis\u00e9e pour Office 365, Azure et Viva<\/li><li>Configuration des strat\u00e9gies de s\u00e9curit\u00e9, telles que l&rsquo;authentification multi-facteurs, le chiffrement des donn\u00e9es et la gestion des acc\u00e8s, afin de prot\u00e9ger les informations sensibles de l&rsquo;entreprise.<\/li><li>Mise en place de mesures de s\u00e9curit\u00e9 avanc\u00e9es pour prot\u00e9ger les comptes O365 de messagerie et les donn\u00e9es des utilisateurs. Configuration des politiques de protection contre la perte de donn\u00e9es (DLP) pour pr\u00e9venir la fuite d&rsquo;informations confidentielles et \u00e9valuation de la s\u00e9curit\u00e9 des e-mails pour d\u00e9tecter les menaces potentielles.<\/li><li>S\u00e9curisation des ressources cloud Azure.<ul><li>Configuration des groupes de s\u00e9curit\u00e9 r\u00e9seau, des pare-feu applicatifs et des m\u00e9canismes de surveillance des journaux d&rsquo;activit\u00e9 pour d\u00e9tecter les tentatives d&rsquo;intrusion.<\/li><li>Sauvegardes et mise en place des politiques de r\u00e9tention des donn\u00e9es pour garantir la disponibilit\u00e9 et l&rsquo;int\u00e9grit\u00e9 des informations stock\u00e9es dans Azure.<\/li><\/ul><\/li><li>S\u00e9curisation des donn\u00e9es et communications employ\u00e9s sur Viva lors de l&rsquo;utilisation des fonctionnalit\u00e9s de collaboration et de gestion des connaissances.<ul><li>Mise en place des contr\u00f4les d&rsquo;acc\u00e8s et des autorisations appropri\u00e9es pour prot\u00e9ger les informations sensibles<\/li><li>Test de s\u00e9curit\u00e9 r\u00e9guliers pour identifier et r\u00e9soudre les vuln\u00e9rabilit\u00e9s potentielles.<\/li><\/ul><\/li><\/ul><p><strong>Environnement technique :<\/strong> O365 , Teams, SharePoint, Azure, Viva<\/p>\t\t\t\t\t\t\t\t<\/div>\n\t\t\t\t<\/div>\n\t\t\t\t<div class=\"elementor-element elementor-element-7c7be13 elementor-widget-divider--view-line elementor-widget elementor-widget-divider\" data-id=\"7c7be13\" data-element_type=\"widget\" data-widget_type=\"divider.default\">\n\t\t\t\t<div class=\"elementor-widget-container\">\n\t\t\t\t\t\t\t<div class=\"elementor-divider\">\n\t\t\t<span class=\"elementor-divider-separator\">\n\t\t\t\t\t\t<\/span>\n\t\t<\/div>\n\t\t\t\t\t\t<\/div>\n\t\t\t\t<\/div>\n\t\t\t\t<div class=\"elementor-element elementor-element-d173b39 elementor-widget elementor-widget-text-editor\" data-id=\"d173b39\" data-element_type=\"widget\" data-widget_type=\"text-editor.default\">\n\t\t\t\t<div class=\"elementor-widget-container\">\n\t\t\t\t\t\t\t\t\t<p><strong>E2P<\/strong><\/p><p>07\/2022 &#8211; 07\/2023<\/p><p><strong>R\u00f4le: Technicien ServiceNow<\/strong><\/p><p><strong>R\u00e9alisations\u00a0:<\/strong><\/p><ul><li>Configuration et personnalisation Service Now pour un parc de 25 postes de travail<\/li><li>Gestion des incidents utilisateurs : Cr\u00e9ation de Tickets, r\u00e9solution et formation des utilisateurs<\/li><li>Elaboration de documentation des configuration proc\u00e9dures et bonnes pratiques ServiceNow.<\/li><li>Maintenance et optimisation : Surveillance des performances, applications des mises \u00e0 jours et correctifs.<\/li><\/ul><p><strong>Environnement technique :<\/strong> ServiceNow<\/p>\t\t\t\t\t\t\t\t<\/div>\n\t\t\t\t<\/div>\n\t\t\t\t<div class=\"elementor-element elementor-element-c7b8132 elementor-widget-divider--view-line elementor-widget elementor-widget-divider\" data-id=\"c7b8132\" data-element_type=\"widget\" data-widget_type=\"divider.default\">\n\t\t\t\t<div class=\"elementor-widget-container\">\n\t\t\t\t\t\t\t<div class=\"elementor-divider\">\n\t\t\t<span class=\"elementor-divider-separator\">\n\t\t\t\t\t\t<\/span>\n\t\t<\/div>\n\t\t\t\t\t\t<\/div>\n\t\t\t\t<\/div>\n\t\t\t\t<div class=\"elementor-element elementor-element-73e63b4 elementor-widget elementor-widget-text-editor\" data-id=\"73e63b4\" data-element_type=\"widget\" data-widget_type=\"text-editor.default\">\n\t\t\t\t<div class=\"elementor-widget-container\">\n\t\t\t\t\t\t\t\t\t<p><strong>Sabban\u00a0<\/strong>\u00a0<\/p><p>07\/2020\u00a0&#8211; 07\/2022\u00a0 \u00a0 \u00a0 \u00a0 \u00a0 \u00a0 \u00a0 \u00a0 \u00a0 \u00a0 \u00a0 \u00a0 \u00a0 \u00a0 \u00a0 \u00a0\u00a0<\/p><p><strong>R\u00f4le: Technicien support<\/strong><\/p><p><strong>R\u00e9alisations\u00a0:<\/strong><\/p><ul><li>Installation O365 pour 21 postes de travail :<ul><li>Pr\u00e9paration : V\u00e9rification des exigences syst\u00e8me et des connexions Internet.<\/li><li>Licences : Achat des licences et cr\u00e9ation des comptes Microsoft pour les utilisateurs.<\/li><li>T\u00e9l\u00e9chargement : Obtention de l&rsquo;installateur depuis le site officiel de Microsoft.<\/li><li>Configuration : Param\u00e9trage de la langue, des mises \u00e0 jour et ajout des comptes Microsoft des utilisateurs.<\/li><li>Formation et assistance : Sessions de formation et support pour les utilisateurs.<\/li><li>Suivi : Surveillance de l&rsquo;utilisation, mises \u00e0 jour r\u00e9guli\u00e8res et r\u00e9solution des probl\u00e8mes.<\/li><\/ul><\/li><\/ul><p><strong>Environnement technique : <\/strong>O365 , Teams, SharePoint, Azure, Viva<\/p>\t\t\t\t\t\t\t\t<\/div>\n\t\t\t\t<\/div>\n\t\t\t\t<\/div>\n\t\t\t\t<\/div>\n\t\t\t\t\t<\/div>\n\t\t\t\t<\/div>\n\t\t<div class=\"elementor-element elementor-element-b96172b e-flex e-con-boxed e-con e-parent\" data-id=\"b96172b\" data-element_type=\"container\">\n\t\t\t\t\t<div class=\"e-con-inner\">\n\t\t\t\t<div class=\"elementor-element elementor-element-57cf303 elementor-widget elementor-widget-spacer\" data-id=\"57cf303\" data-element_type=\"widget\" data-widget_type=\"spacer.default\">\n\t\t\t\t<div class=\"elementor-widget-container\">\n\t\t\t\t\t\t\t<div class=\"elementor-spacer\">\n\t\t\t<div class=\"elementor-spacer-inner\"><\/div>\n\t\t<\/div>\n\t\t\t\t\t\t<\/div>\n\t\t\t\t<\/div>\n\t\t\t\t\t<\/div>\n\t\t\t\t<\/div>\n\t\t\t\t<\/div>","protected":false},"excerpt":{"rendered":"<p>Gabriel CV Gabriel S. Technicien Office 365 (support et migration) \/ ServiceNow Anglais Niveau A2 Dipl\u00f4mes IPI &#8211; Groupe IGS &#8211; Technicien Support Informatique &#8211; Office 365 \u2013 R\u00e9seaux Syst\u00e8mes &hellip; <\/p>\n<p class=\"link-more\"><a href=\"https:\/\/amdblue.fr\/en\/gabriel-cv\/\" class=\"more-link\">Continue reading<span class=\"screen-reader-text\"> \u00ab\u00a0Gabriel CV\u00a0\u00bb<\/span><\/a><\/p>","protected":false},"author":1,"featured_media":0,"parent":0,"menu_order":0,"comment_status":"closed","ping_status":"closed","template":"elementor_header_footer","meta":{"_monsterinsights_skip_tracking":false,"_monsterinsights_sitenote_active":false,"_monsterinsights_sitenote_note":"","_monsterinsights_sitenote_category":0,"footnotes":""},"class_list":["post-2825","page","type-page","status-publish","hentry"],"yoast_head":"<!-- This site is optimized with the Yoast SEO plugin v25.5 - https:\/\/yoast.com\/wordpress\/plugins\/seo\/ -->\n<title>Gabriel CV - AMD BLUE<\/title>\n<meta name=\"robots\" content=\"index, follow, max-snippet:-1, max-image-preview:large, max-video-preview:-1\" \/>\n<link rel=\"canonical\" href=\"https:\/\/amdblue.fr\/en\/gabriel-cv\/\" \/>\n<meta property=\"og:locale\" content=\"en_US\" \/>\n<meta property=\"og:type\" content=\"article\" \/>\n<meta property=\"og:title\" content=\"Gabriel CV - AMD BLUE\" \/>\n<meta property=\"og:description\" content=\"Gabriel CV Gabriel S. Technicien Office 365 (support et migration) \/ ServiceNow Anglais Niveau A2 Dipl\u00f4mes IPI &#8211; Groupe IGS &#8211; Technicien Support Informatique &#8211; Office 365 \u2013 R\u00e9seaux Syst\u00e8mes &hellip; Continue reading &quot;Gabriel CV&quot;\" \/>\n<meta property=\"og:url\" content=\"https:\/\/amdblue.fr\/en\/gabriel-cv\/\" \/>\n<meta property=\"og:site_name\" content=\"AMD BLUE\" \/>\n<meta property=\"article:modified_time\" content=\"2025-01-14T09:43:34+00:00\" \/>\n<meta property=\"og:image\" content=\"https:\/\/amdblue.fr\/wp-content\/uploads\/2024\/05\/Lockup-Horizontal-Colored-black-1-300x74.png\" \/>\n<meta name=\"twitter:card\" content=\"summary_large_image\" \/>\n<meta name=\"twitter:label1\" content=\"Est. reading time\" \/>\n\t<meta name=\"twitter:data1\" content=\"3 minutes\" \/>\n<script type=\"application\/ld+json\" class=\"yoast-schema-graph\">{\"@context\":\"https:\/\/schema.org\",\"@graph\":[{\"@type\":\"WebPage\",\"@id\":\"https:\/\/amdblue.fr\/gabriel-cv\/\",\"url\":\"https:\/\/amdblue.fr\/gabriel-cv\/\",\"name\":\"Gabriel CV - AMD BLUE\",\"isPartOf\":{\"@id\":\"https:\/\/amdblue.fr\/#website\"},\"primaryImageOfPage\":{\"@id\":\"https:\/\/amdblue.fr\/gabriel-cv\/#primaryimage\"},\"image\":{\"@id\":\"https:\/\/amdblue.fr\/gabriel-cv\/#primaryimage\"},\"thumbnailUrl\":\"https:\/\/amdblue.fr\/wp-content\/uploads\/2024\/05\/Lockup-Horizontal-Colored-black-1-300x74.png\",\"datePublished\":\"2025-01-14T09:42:51+00:00\",\"dateModified\":\"2025-01-14T09:43:34+00:00\",\"breadcrumb\":{\"@id\":\"https:\/\/amdblue.fr\/gabriel-cv\/#breadcrumb\"},\"inLanguage\":\"en-US\",\"potentialAction\":[{\"@type\":\"ReadAction\",\"target\":[\"https:\/\/amdblue.fr\/gabriel-cv\/\"]}]},{\"@type\":\"ImageObject\",\"inLanguage\":\"en-US\",\"@id\":\"https:\/\/amdblue.fr\/gabriel-cv\/#primaryimage\",\"url\":\"https:\/\/amdblue.fr\/wp-content\/uploads\/2024\/05\/Lockup-Horizontal-Colored-black-1-300x74.png\",\"contentUrl\":\"https:\/\/amdblue.fr\/wp-content\/uploads\/2024\/05\/Lockup-Horizontal-Colored-black-1-300x74.png\"},{\"@type\":\"BreadcrumbList\",\"@id\":\"https:\/\/amdblue.fr\/gabriel-cv\/#breadcrumb\",\"itemListElement\":[{\"@type\":\"ListItem\",\"position\":1,\"name\":\"Home\",\"item\":\"https:\/\/amdblue.fr\/\"},{\"@type\":\"ListItem\",\"position\":2,\"name\":\"Gabriel CV\"}]},{\"@type\":\"WebSite\",\"@id\":\"https:\/\/amdblue.fr\/#website\",\"url\":\"https:\/\/amdblue.fr\/\",\"name\":\"AMD BLUE\",\"description\":\"Beyond The Ultimate Solution\",\"publisher\":{\"@id\":\"https:\/\/amdblue.fr\/#organization\"},\"potentialAction\":[{\"@type\":\"SearchAction\",\"target\":{\"@type\":\"EntryPoint\",\"urlTemplate\":\"https:\/\/amdblue.fr\/?s={search_term_string}\"},\"query-input\":{\"@type\":\"PropertyValueSpecification\",\"valueRequired\":true,\"valueName\":\"search_term_string\"}}],\"inLanguage\":\"en-US\"},{\"@type\":\"Organization\",\"@id\":\"https:\/\/amdblue.fr\/#organization\",\"name\":\"AMD BLUE\",\"url\":\"https:\/\/amdblue.fr\/\",\"logo\":{\"@type\":\"ImageObject\",\"inLanguage\":\"en-US\",\"@id\":\"https:\/\/amdblue.fr\/#\/schema\/logo\/image\/\",\"url\":\"https:\/\/amdblue.fr\/wp-content\/uploads\/2024\/05\/Lockup-Horizontal-Colored-black-1.png\",\"contentUrl\":\"https:\/\/amdblue.fr\/wp-content\/uploads\/2024\/05\/Lockup-Horizontal-Colored-black-1.png\",\"width\":1285,\"height\":315,\"caption\":\"AMD BLUE\"},\"image\":{\"@id\":\"https:\/\/amdblue.fr\/#\/schema\/logo\/image\/\"}}]}<\/script>\n<!-- \/ Yoast SEO plugin. -->","yoast_head_json":{"title":"Gabriel CV - AMD BLUE","robots":{"index":"index","follow":"follow","max-snippet":"max-snippet:-1","max-image-preview":"max-image-preview:large","max-video-preview":"max-video-preview:-1"},"canonical":"https:\/\/amdblue.fr\/en\/gabriel-cv\/","og_locale":"en_US","og_type":"article","og_title":"Gabriel CV - AMD BLUE","og_description":"Gabriel CV Gabriel S. Technicien Office 365 (support et migration) \/ ServiceNow Anglais Niveau A2 Dipl\u00f4mes IPI &#8211; Groupe IGS &#8211; Technicien Support Informatique &#8211; Office 365 \u2013 R\u00e9seaux Syst\u00e8mes &hellip; Continue reading \"Gabriel CV\"","og_url":"https:\/\/amdblue.fr\/en\/gabriel-cv\/","og_site_name":"AMD BLUE","article_modified_time":"2025-01-14T09:43:34+00:00","og_image":[{"url":"https:\/\/amdblue.fr\/wp-content\/uploads\/2024\/05\/Lockup-Horizontal-Colored-black-1-300x74.png","type":"","width":"","height":""}],"twitter_card":"summary_large_image","twitter_misc":{"Est. reading time":"3 minutes"},"schema":{"@context":"https:\/\/schema.org","@graph":[{"@type":"WebPage","@id":"https:\/\/amdblue.fr\/gabriel-cv\/","url":"https:\/\/amdblue.fr\/gabriel-cv\/","name":"Gabriel CV - AMD BLUE","isPartOf":{"@id":"https:\/\/amdblue.fr\/#website"},"primaryImageOfPage":{"@id":"https:\/\/amdblue.fr\/gabriel-cv\/#primaryimage"},"image":{"@id":"https:\/\/amdblue.fr\/gabriel-cv\/#primaryimage"},"thumbnailUrl":"https:\/\/amdblue.fr\/wp-content\/uploads\/2024\/05\/Lockup-Horizontal-Colored-black-1-300x74.png","datePublished":"2025-01-14T09:42:51+00:00","dateModified":"2025-01-14T09:43:34+00:00","breadcrumb":{"@id":"https:\/\/amdblue.fr\/gabriel-cv\/#breadcrumb"},"inLanguage":"en-US","potentialAction":[{"@type":"ReadAction","target":["https:\/\/amdblue.fr\/gabriel-cv\/"]}]},{"@type":"ImageObject","inLanguage":"en-US","@id":"https:\/\/amdblue.fr\/gabriel-cv\/#primaryimage","url":"https:\/\/amdblue.fr\/wp-content\/uploads\/2024\/05\/Lockup-Horizontal-Colored-black-1-300x74.png","contentUrl":"https:\/\/amdblue.fr\/wp-content\/uploads\/2024\/05\/Lockup-Horizontal-Colored-black-1-300x74.png"},{"@type":"BreadcrumbList","@id":"https:\/\/amdblue.fr\/gabriel-cv\/#breadcrumb","itemListElement":[{"@type":"ListItem","position":1,"name":"Home","item":"https:\/\/amdblue.fr\/"},{"@type":"ListItem","position":2,"name":"Gabriel CV"}]},{"@type":"WebSite","@id":"https:\/\/amdblue.fr\/#website","url":"https:\/\/amdblue.fr\/","name":"AMD BLUE","description":"Beyond The Ultimate Solution","publisher":{"@id":"https:\/\/amdblue.fr\/#organization"},"potentialAction":[{"@type":"SearchAction","target":{"@type":"EntryPoint","urlTemplate":"https:\/\/amdblue.fr\/?s={search_term_string}"},"query-input":{"@type":"PropertyValueSpecification","valueRequired":true,"valueName":"search_term_string"}}],"inLanguage":"en-US"},{"@type":"Organization","@id":"https:\/\/amdblue.fr\/#organization","name":"AMD BLUE","url":"https:\/\/amdblue.fr\/","logo":{"@type":"ImageObject","inLanguage":"en-US","@id":"https:\/\/amdblue.fr\/#\/schema\/logo\/image\/","url":"https:\/\/amdblue.fr\/wp-content\/uploads\/2024\/05\/Lockup-Horizontal-Colored-black-1.png","contentUrl":"https:\/\/amdblue.fr\/wp-content\/uploads\/2024\/05\/Lockup-Horizontal-Colored-black-1.png","width":1285,"height":315,"caption":"AMD BLUE"},"image":{"@id":"https:\/\/amdblue.fr\/#\/schema\/logo\/image\/"}}]}},"_links":{"self":[{"href":"https:\/\/amdblue.fr\/en\/wp-json\/wp\/v2\/pages\/2825","targetHints":{"allow":["GET"]}}],"collection":[{"href":"https:\/\/amdblue.fr\/en\/wp-json\/wp\/v2\/pages"}],"about":[{"href":"https:\/\/amdblue.fr\/en\/wp-json\/wp\/v2\/types\/page"}],"author":[{"embeddable":true,"href":"https:\/\/amdblue.fr\/en\/wp-json\/wp\/v2\/users\/1"}],"replies":[{"embeddable":true,"href":"https:\/\/amdblue.fr\/en\/wp-json\/wp\/v2\/comments?post=2825"}],"version-history":[{"count":0,"href":"https:\/\/amdblue.fr\/en\/wp-json\/wp\/v2\/pages\/2825\/revisions"}],"wp:attachment":[{"href":"https:\/\/amdblue.fr\/en\/wp-json\/wp\/v2\/media?parent=2825"}],"curies":[{"name":"wp","href":"https:\/\/api.w.org\/{rel}","templated":true}]}}