{"id":2662,"date":"2024-06-11T12:14:52","date_gmt":"2024-06-11T12:14:52","guid":{"rendered":"https:\/\/amdblue.fr\/?page_id=2662"},"modified":"2024-06-11T12:17:24","modified_gmt":"2024-06-11T12:17:24","slug":"job-listing","status":"publish","type":"page","link":"https:\/\/amdblue.fr\/en\/job-listing\/","title":{"rendered":"Job Listing"},"content":{"rendered":"<div data-elementor-type=\"wp-page\" data-elementor-id=\"2662\" class=\"elementor elementor-2662\" data-elementor-post-type=\"page\">\n\t\t\t\t<div class=\"elementor-element elementor-element-c878ce8 e-flex e-con-boxed e-con e-parent\" data-id=\"c878ce8\" data-element_type=\"container\" data-settings=\"{&quot;background_background&quot;:&quot;gradient&quot;}\">\n\t\t\t\t\t<div class=\"e-con-inner\">\n\t\t<div class=\"elementor-element elementor-element-af7dfe8 e-con-full e-flex e-con e-child\" data-id=\"af7dfe8\" data-element_type=\"container\">\n\t\t\t\t<div class=\"elementor-element elementor-element-24e23e7 elementor-widget__width-inherit elementor-invisible elementor-widget elementor-widget-heading\" data-id=\"24e23e7\" data-element_type=\"widget\" data-settings=\"{&quot;_animation&quot;:&quot;fadeInUp&quot;}\" data-widget_type=\"heading.default\">\n\t\t\t\t<div class=\"elementor-widget-container\">\n\t\t\t\t\t<h1 class=\"elementor-heading-title elementor-size-default\">Join us<\/h1>\t\t\t\t<\/div>\n\t\t\t\t<\/div>\n\t\t\t\t<div class=\"elementor-element elementor-element-5dcc4ae elementor-widget__width-inherit elementor-invisible elementor-widget elementor-widget-text-editor\" data-id=\"5dcc4ae\" data-element_type=\"widget\" data-settings=\"{&quot;_animation&quot;:&quot;fadeIn&quot;,&quot;_animation_delay&quot;:300}\" data-widget_type=\"text-editor.default\">\n\t\t\t\t<div class=\"elementor-widget-container\">\n\t\t\t\t\t\t\t\t\t<p><span class=\"ui-provider a b c d e f g h i j k l m n o p q r s t u v w x y z ab ac ae af ag ah ai aj ak\" dir=\"ltr\">To find out more about <strong>AMD BLUE<\/strong>contact us today. With over 100 digital experts, we put innovation and individual contribution at the heart of every project.<\/span><\/p>\t\t\t\t\t\t\t\t<\/div>\n\t\t\t\t<\/div>\n\t\t\t\t<\/div>\n\t\t<div class=\"elementor-element elementor-element-76e0981 e-con-full elementor-hidden-tablet elementor-hidden-mobile e-flex e-con e-child\" data-id=\"76e0981\" data-element_type=\"container\" data-settings=\"{&quot;background_background&quot;:&quot;classic&quot;}\">\n\t\t<div class=\"elementor-element elementor-element-ae844c4 e-con-full e-flex e-con e-child\" data-id=\"ae844c4\" data-element_type=\"container\" data-settings=\"{&quot;background_background&quot;:&quot;classic&quot;}\">\n\t\t\t\t<div class=\"elementor-element elementor-element-e3f9552 elementor-hidden-mobile elementor-hidden-tablet elementor-widget elementor-widget-wpjmc-jobs\" data-id=\"e3f9552\" data-element_type=\"widget\" data-widget_type=\"wpjmc-jobs.default\">\n\t\t\t\t<div class=\"elementor-widget-container\">\n\t\t\t\t\t<style>.job_filters .search_submit {display: none !important;} .elementor-element-e3f9552 .job_filters .job_types {display: none !important;} .elementor-element-e3f9552.rp4wp-related-job_listing>ul li.job_listing a img.company_logo, .rp4wp-related-job_listing>ul li.no_job_listings_found a img.company_logo, ul.job_listings li.job_listing a img.company_logo, ul.job_listings li.no_job_listings_found a img.company_logo {display: none !important;} .elementor-element-e3f9552.rp4wp-related-job_listing>ul li.job_listing a div.position .company, .rp4wp-related-job_listing>ul li.no_job_listings_found a div.position .company, ul.job_listings li.job_listing a div.position .company, ul.job_listings li.no_job_listings_found a div.position .company {display: none !important;} .elementor-element-e3f9552.rp4wp-related-job_listing>ul li.job_listing a div.location, .rp4wp-related-job_listing>ul li.no_job_listings_found a div.location, ul.job_listings li.job_listing a div.location, ul.job_listings li.no_job_listings_found a div.location {display: block !important} .elementor-element-e3f9552.rp4wp-related-job_listing>ul li.job_listing a .meta, .rp4wp-related-job_listing>ul li.no_job_listings_found a .meta, ul.job_listings li.job_listing a .meta, ul.job_listings li.no_job_listings_found a .meta {display: none !important;} .elementor-element-e3f9552 .job_filters .search_jobs input, .elementor-element-e3f9552 .job_filters .search_jobs select {outline: none}<\/style><div class=\"job_listings\" data-location=\"\" data-keywords=\"\" data-show_filters=\"true\" data-show_pagination=\"false\" data-per_page=\"10\" data-orderby=\"date\" data-order=\"desc\" data-categories=\"\" data-disable-form-state-storage=\"\" data-featured_first=\"false\" data-post_id=\"2662\" >\n<form class=\"job_filters\" action=\"\">\n\t\n\t<div class=\"search_jobs\">\n\t\t\n\t\t<div class=\"search_keywords\">\n\t\t\t<label for=\"search_keywords\">Keywords<\/label>\n\t\t\t<input type=\"text\" name=\"search_keywords\" id=\"search_keywords\" placeholder=\"Keywords\" value=\"\" \/>\n\t\t<\/div>\n\n\t\t<div class=\"search_location\">\n\t\t\t<label for=\"search_location\">Location<\/label>\n\t\t\t<input type=\"text\" name=\"search_location\" id=\"search_location\" placeholder=\"Location\" value=\"\" \/>\n\t\t<\/div>\n\n\t\t\n\t\t<div style=\"clear: both\"><\/div>\n\n\t\t\n\t\t\t\t\t<div class=\"search_submit\">\n\t\t\t\t<input type=\"submit\" value=\"Search Jobs\">\n\t\t\t<\/div>\n\t\t\n\t\t\t<\/div>\n\n\t\t<ul class=\"job_types\">\n\t\t\t\t\t<li><label for=\"job_type_freelance\" class=\"freelance\"><input type=\"checkbox\" name=\"filter_job_type[]\" value=\"freelance\"  checked='checked' id=\"job_type_freelance\" \/> Freelance<\/label><\/li>\n\t\t\t\t\t<li><label for=\"job_type_full-time\" class=\"full-time\"><input type=\"checkbox\" name=\"filter_job_type[]\" value=\"full-time\"  checked='checked' id=\"job_type_full-time\" \/> Full Time<\/label><\/li>\n\t\t\t\t\t<li><label for=\"job_type_internship\" class=\"internship\"><input type=\"checkbox\" name=\"filter_job_type[]\" value=\"internship\"  checked='checked' id=\"job_type_internship\" \/> Internship<\/label><\/li>\n\t\t\t\t\t<li><label for=\"job_type_part-time\" class=\"part-time\"><input type=\"checkbox\" name=\"filter_job_type[]\" value=\"part-time\"  checked='checked' id=\"job_type_part-time\" \/> Part Time<\/label><\/li>\n\t\t\t\t\t<li><label for=\"job_type_temporary\" class=\"temporary\"><input type=\"checkbox\" name=\"filter_job_type[]\" value=\"temporary\"  checked='checked' id=\"job_type_temporary\" \/> Temporary<\/label><\/li>\n\t\t\t<\/ul>\n\t<input type=\"hidden\" name=\"filter_job_type[]\" value=\"\" \/>\n<div class=\"showing_jobs\"><\/div><input type=\"hidden\" name=\"trp-form-language\" value=\"en\"\/><\/form>\n\n\n<noscript>Your browser does not support JavaScript, or it is disabled. JavaScript must be enabled in order to view listings.<\/noscript>\n<ul class=\"job_listings\">\n<\/ul>\n<a class=\"load_more_jobs\" href=\"#\" style=\"display:none;\"><strong>Load more listings<\/strong><\/a><\/div>\t\t\t\t<\/div>\n\t\t\t\t<\/div>\n\t\t\t\t<\/div>\n\t\t\t\t<\/div>\n\t\t<div class=\"elementor-element elementor-element-985f955 e-con-full elementor-hidden-desktop elementor-hidden-mobile e-flex e-con e-child\" data-id=\"985f955\" data-element_type=\"container\" data-settings=\"{&quot;background_background&quot;:&quot;classic&quot;}\">\n\t\t<div class=\"elementor-element elementor-element-2734385 e-con-full elementor-hidden-desktop elementor-hidden-mobile e-flex e-con e-child\" data-id=\"2734385\" data-element_type=\"container\" data-settings=\"{&quot;background_background&quot;:&quot;classic&quot;}\">\n\t\t\t\t<div class=\"elementor-element elementor-element-f4ed5d8 elementor-hidden-desktop elementor-widget elementor-widget-wpjmc-jobs\" data-id=\"f4ed5d8\" data-element_type=\"widget\" data-widget_type=\"wpjmc-jobs.default\">\n\t\t\t\t<div class=\"elementor-widget-container\">\n\t\t\t\t\t<style>.elementor-element-f4ed5d8 .job_filters .search_submit {display: block !important;} .elementor-element-f4ed5d8 .job_filters .job_types {display: none !important;} .elementor-element-f4ed5d8.rp4wp-related-job_listing>ul li.job_listing a img.company_logo, .rp4wp-related-job_listing>ul li.no_job_listings_found a img.company_logo, ul.job_listings li.job_listing a img.company_logo, ul.job_listings li.no_job_listings_found a img.company_logo {display: none !important;} .elementor-element-f4ed5d8.rp4wp-related-job_listing>ul li.job_listing a div.position .company, .rp4wp-related-job_listing>ul li.no_job_listings_found a div.position .company, ul.job_listings li.job_listing a div.position .company, ul.job_listings li.no_job_listings_found a div.position .company {display: none !important;} .elementor-element-f4ed5d8.rp4wp-related-job_listing>ul li.job_listing a div.location, .rp4wp-related-job_listing>ul li.no_job_listings_found a div.location, ul.job_listings li.job_listing a div.location, ul.job_listings li.no_job_listings_found a div.location {display: block !important} .elementor-element-f4ed5d8.rp4wp-related-job_listing>ul li.job_listing a .meta, .rp4wp-related-job_listing>ul li.no_job_listings_found a .meta, ul.job_listings li.job_listing a .meta, ul.job_listings li.no_job_listings_found a .meta {display: none !important;} .elementor-element-f4ed5d8 .job_filters .search_jobs input, .elementor-element-f4ed5d8 .job_filters .search_jobs select {outline: none}<\/style><div class=\"job_listings\" data-location=\"\" data-keywords=\"\" data-show_filters=\"true\" data-show_pagination=\"false\" data-per_page=\"10\" data-orderby=\"date\" data-order=\"desc\" data-categories=\"\" data-disable-form-state-storage=\"\" data-featured_first=\"false\" data-post_id=\"2662\" >\n<form class=\"job_filters\" action=\"\">\n\t\n\t<div class=\"search_jobs\">\n\t\t\n\t\t<div class=\"search_keywords\">\n\t\t\t<label for=\"search_keywords\">Keywords<\/label>\n\t\t\t<input type=\"text\" name=\"search_keywords\" id=\"search_keywords\" placeholder=\"Keywords\" value=\"\" \/>\n\t\t<\/div>\n\n\t\t<div class=\"search_location\">\n\t\t\t<label for=\"search_location\">Location<\/label>\n\t\t\t<input type=\"text\" name=\"search_location\" id=\"search_location\" placeholder=\"Location\" value=\"\" \/>\n\t\t<\/div>\n\n\t\t\n\t\t<div style=\"clear: both\"><\/div>\n\n\t\t\n\t\t\t\t\t<div class=\"search_submit\">\n\t\t\t\t<input type=\"submit\" value=\"Search Jobs\">\n\t\t\t<\/div>\n\t\t\n\t\t\t<\/div>\n\n\t\t<ul class=\"job_types\">\n\t\t\t\t\t<li><label for=\"job_type_freelance\" class=\"freelance\"><input type=\"checkbox\" name=\"filter_job_type[]\" value=\"freelance\"  checked='checked' id=\"job_type_freelance\" \/> Freelance<\/label><\/li>\n\t\t\t\t\t<li><label for=\"job_type_full-time\" class=\"full-time\"><input type=\"checkbox\" name=\"filter_job_type[]\" value=\"full-time\"  checked='checked' id=\"job_type_full-time\" \/> Full Time<\/label><\/li>\n\t\t\t\t\t<li><label for=\"job_type_internship\" class=\"internship\"><input type=\"checkbox\" name=\"filter_job_type[]\" value=\"internship\"  checked='checked' id=\"job_type_internship\" \/> Internship<\/label><\/li>\n\t\t\t\t\t<li><label for=\"job_type_part-time\" class=\"part-time\"><input type=\"checkbox\" name=\"filter_job_type[]\" value=\"part-time\"  checked='checked' id=\"job_type_part-time\" \/> Part Time<\/label><\/li>\n\t\t\t\t\t<li><label for=\"job_type_temporary\" class=\"temporary\"><input type=\"checkbox\" name=\"filter_job_type[]\" value=\"temporary\"  checked='checked' id=\"job_type_temporary\" \/> Temporary<\/label><\/li>\n\t\t\t<\/ul>\n\t<input type=\"hidden\" name=\"filter_job_type[]\" value=\"\" \/>\n<div class=\"showing_jobs\"><\/div><input type=\"hidden\" name=\"trp-form-language\" value=\"en\"\/><\/form>\n\n\n<noscript>Your browser does not support JavaScript, or it is disabled. JavaScript must be enabled in order to view listings.<\/noscript>\n<ul class=\"job_listings\">\n<\/ul>\n<a class=\"load_more_jobs\" href=\"#\" style=\"display:none;\"><strong>Load more listings<\/strong><\/a><\/div>\t\t\t\t<\/div>\n\t\t\t\t<\/div>\n\t\t\t\t<\/div>\n\t\t\t\t<\/div>\n\t\t<div class=\"elementor-element elementor-element-f80628e e-con-full elementor-hidden-desktop elementor-hidden-tablet e-flex e-con e-child\" data-id=\"f80628e\" data-element_type=\"container\" data-settings=\"{&quot;background_background&quot;:&quot;classic&quot;}\">\n\t\t<div class=\"elementor-element elementor-element-439e3df e-con-full elementor-hidden-desktop elementor-hidden-tablet e-flex e-con e-child\" data-id=\"439e3df\" data-element_type=\"container\" data-settings=\"{&quot;background_background&quot;:&quot;classic&quot;}\">\n\t\t\t\t<div class=\"elementor-element elementor-element-520414f elementor-hidden-desktop elementor-widget elementor-widget-wpjmc-jobs\" data-id=\"520414f\" data-element_type=\"widget\" data-widget_type=\"wpjmc-jobs.default\">\n\t\t\t\t<div class=\"elementor-widget-container\">\n\t\t\t\t\t<style>.elementor-element-520414f .job_filters .search_submit {display: block !important;} .elementor-element-520414f .job_filters .job_types {display: none !important;} .elementor-element-520414f.rp4wp-related-job_listing>ul li.job_listing a img.company_logo, .rp4wp-related-job_listing>ul li.no_job_listings_found a img.company_logo, ul.job_listings li.job_listing a img.company_logo, ul.job_listings li.no_job_listings_found a img.company_logo {display: none !important;} .elementor-element-520414f.rp4wp-related-job_listing>ul li.job_listing a div.position .company, .rp4wp-related-job_listing>ul li.no_job_listings_found a div.position .company, ul.job_listings li.job_listing a div.position .company, ul.job_listings li.no_job_listings_found a div.position .company {display: none !important;} .elementor-element-520414f.rp4wp-related-job_listing>ul li.job_listing a div.location, .rp4wp-related-job_listing>ul li.no_job_listings_found a div.location, ul.job_listings li.job_listing a div.location, ul.job_listings li.no_job_listings_found a div.location {display: block !important} .elementor-element-520414f.rp4wp-related-job_listing>ul li.job_listing a .meta, .rp4wp-related-job_listing>ul li.no_job_listings_found a .meta, ul.job_listings li.job_listing a .meta, ul.job_listings li.no_job_listings_found a .meta {display: none !important;} .elementor-element-520414f .job_filters .search_jobs input, .elementor-element-520414f .job_filters .search_jobs select {outline: none}<\/style><div class=\"job_listings\" data-location=\"\" data-keywords=\"\" data-show_filters=\"true\" data-show_pagination=\"false\" data-per_page=\"10\" data-orderby=\"date\" data-order=\"desc\" data-categories=\"\" data-disable-form-state-storage=\"\" data-featured_first=\"false\" data-post_id=\"2662\" >\n<form class=\"job_filters\" action=\"\">\n\t\n\t<div class=\"search_jobs\">\n\t\t\n\t\t<div class=\"search_keywords\">\n\t\t\t<label for=\"search_keywords\">Keywords<\/label>\n\t\t\t<input type=\"text\" name=\"search_keywords\" id=\"search_keywords\" placeholder=\"Keywords\" value=\"\" \/>\n\t\t<\/div>\n\n\t\t<div class=\"search_location\">\n\t\t\t<label for=\"search_location\">Location<\/label>\n\t\t\t<input type=\"text\" name=\"search_location\" id=\"search_location\" placeholder=\"Location\" value=\"\" \/>\n\t\t<\/div>\n\n\t\t\n\t\t<div style=\"clear: both\"><\/div>\n\n\t\t\n\t\t\t\t\t<div class=\"search_submit\">\n\t\t\t\t<input type=\"submit\" value=\"Search Jobs\">\n\t\t\t<\/div>\n\t\t\n\t\t\t<\/div>\n\n\t\t<ul class=\"job_types\">\n\t\t\t\t\t<li><label for=\"job_type_freelance\" class=\"freelance\"><input type=\"checkbox\" name=\"filter_job_type[]\" value=\"freelance\"  checked='checked' id=\"job_type_freelance\" \/> Freelance<\/label><\/li>\n\t\t\t\t\t<li><label for=\"job_type_full-time\" class=\"full-time\"><input type=\"checkbox\" name=\"filter_job_type[]\" value=\"full-time\"  checked='checked' id=\"job_type_full-time\" \/> Full Time<\/label><\/li>\n\t\t\t\t\t<li><label for=\"job_type_internship\" class=\"internship\"><input type=\"checkbox\" name=\"filter_job_type[]\" value=\"internship\"  checked='checked' id=\"job_type_internship\" \/> Internship<\/label><\/li>\n\t\t\t\t\t<li><label for=\"job_type_part-time\" class=\"part-time\"><input type=\"checkbox\" name=\"filter_job_type[]\" value=\"part-time\"  checked='checked' id=\"job_type_part-time\" \/> Part Time<\/label><\/li>\n\t\t\t\t\t<li><label for=\"job_type_temporary\" class=\"temporary\"><input type=\"checkbox\" name=\"filter_job_type[]\" value=\"temporary\"  checked='checked' id=\"job_type_temporary\" \/> Temporary<\/label><\/li>\n\t\t\t<\/ul>\n\t<input type=\"hidden\" name=\"filter_job_type[]\" value=\"\" \/>\n<div class=\"showing_jobs\"><\/div><input type=\"hidden\" name=\"trp-form-language\" value=\"en\"\/><\/form>\n\n\n<noscript>Your browser does not support JavaScript, or it is disabled. JavaScript must be enabled in order to view listings.<\/noscript>\n<ul class=\"job_listings\">\n<\/ul>\n<a class=\"load_more_jobs\" href=\"#\" style=\"display:none;\"><strong>Load more listings<\/strong><\/a><\/div>\t\t\t\t<\/div>\n\t\t\t\t<\/div>\n\t\t\t\t<\/div>\n\t\t\t\t<\/div>\n\t\t\t\t\t<\/div>\n\t\t\t\t<\/div>\n\t\t\t\t<\/div>","protected":false},"excerpt":{"rendered":"<p>Rejoignez-nous Pour en savoir plus sur AMD BLUE, contactez-nous d\u00e8s maintenant. Avec plus de 100 experts du num\u00e9rique, nous mettons l&rsquo;innovation et la contribution individuelle au c\u0153ur de chaque projet. &hellip; <\/p>\n<p class=\"link-more\"><a href=\"https:\/\/amdblue.fr\/en\/job-listing\/\" class=\"more-link\">Continue reading<span class=\"screen-reader-text\"> \u00ab\u00a0Job Listing\u00a0\u00bb<\/span><\/a><\/p>","protected":false},"author":2,"featured_media":0,"parent":0,"menu_order":0,"comment_status":"closed","ping_status":"closed","template":"elementor_header_footer","meta":{"_monsterinsights_skip_tracking":false,"_monsterinsights_sitenote_active":false,"_monsterinsights_sitenote_note":"","_monsterinsights_sitenote_category":0,"footnotes":""},"class_list":["post-2662","page","type-page","status-publish","hentry"],"yoast_head":"<!-- This site is optimized with the Yoast SEO plugin v25.5 - https:\/\/yoast.com\/wordpress\/plugins\/seo\/ -->\n<title>Job Listing - AMD BLUE<\/title>\n<meta name=\"robots\" content=\"index, follow, max-snippet:-1, max-image-preview:large, max-video-preview:-1\" \/>\n<link rel=\"canonical\" href=\"https:\/\/amdblue.fr\/en\/job-listing\/\" \/>\n<meta property=\"og:locale\" content=\"en_US\" \/>\n<meta property=\"og:type\" content=\"article\" \/>\n<meta property=\"og:title\" content=\"Job Listing - AMD BLUE\" \/>\n<meta property=\"og:description\" content=\"Rejoignez-nous Pour en savoir plus sur AMD BLUE, contactez-nous d\u00e8s maintenant. Avec plus de 100 experts du num\u00e9rique, nous mettons l&rsquo;innovation et la contribution individuelle au c\u0153ur de chaque projet. &hellip; Continue reading &quot;Job Listing&quot;\" \/>\n<meta property=\"og:url\" content=\"https:\/\/amdblue.fr\/en\/job-listing\/\" \/>\n<meta property=\"og:site_name\" content=\"AMD BLUE\" \/>\n<meta property=\"article:modified_time\" content=\"2024-06-11T12:17:24+00:00\" \/>\n<meta name=\"twitter:card\" content=\"summary_large_image\" \/>\n<meta name=\"twitter:label1\" content=\"Est. reading time\" \/>\n\t<meta name=\"twitter:data1\" content=\"3 minutes\" \/>\n<script type=\"application\/ld+json\" class=\"yoast-schema-graph\">{\"@context\":\"https:\/\/schema.org\",\"@graph\":[{\"@type\":\"WebPage\",\"@id\":\"https:\/\/amdblue.fr\/job-listing\/\",\"url\":\"https:\/\/amdblue.fr\/job-listing\/\",\"name\":\"Job Listing - AMD BLUE\",\"isPartOf\":{\"@id\":\"https:\/\/amdblue.fr\/#website\"},\"datePublished\":\"2024-06-11T12:14:52+00:00\",\"dateModified\":\"2024-06-11T12:17:24+00:00\",\"breadcrumb\":{\"@id\":\"https:\/\/amdblue.fr\/job-listing\/#breadcrumb\"},\"inLanguage\":\"en-US\",\"potentialAction\":[{\"@type\":\"ReadAction\",\"target\":[\"https:\/\/amdblue.fr\/job-listing\/\"]}]},{\"@type\":\"BreadcrumbList\",\"@id\":\"https:\/\/amdblue.fr\/job-listing\/#breadcrumb\",\"itemListElement\":[{\"@type\":\"ListItem\",\"position\":1,\"name\":\"Home\",\"item\":\"https:\/\/amdblue.fr\/\"},{\"@type\":\"ListItem\",\"position\":2,\"name\":\"Job Listing\"}]},{\"@type\":\"WebSite\",\"@id\":\"https:\/\/amdblue.fr\/#website\",\"url\":\"https:\/\/amdblue.fr\/\",\"name\":\"AMD BLUE\",\"description\":\"Beyond The Ultimate Solution\",\"publisher\":{\"@id\":\"https:\/\/amdblue.fr\/#organization\"},\"potentialAction\":[{\"@type\":\"SearchAction\",\"target\":{\"@type\":\"EntryPoint\",\"urlTemplate\":\"https:\/\/amdblue.fr\/?s={search_term_string}\"},\"query-input\":{\"@type\":\"PropertyValueSpecification\",\"valueRequired\":true,\"valueName\":\"search_term_string\"}}],\"inLanguage\":\"en-US\"},{\"@type\":\"Organization\",\"@id\":\"https:\/\/amdblue.fr\/#organization\",\"name\":\"AMD BLUE\",\"url\":\"https:\/\/amdblue.fr\/\",\"logo\":{\"@type\":\"ImageObject\",\"inLanguage\":\"en-US\",\"@id\":\"https:\/\/amdblue.fr\/#\/schema\/logo\/image\/\",\"url\":\"https:\/\/amdblue.fr\/wp-content\/uploads\/2024\/05\/Lockup-Horizontal-Colored-black-1.png\",\"contentUrl\":\"https:\/\/amdblue.fr\/wp-content\/uploads\/2024\/05\/Lockup-Horizontal-Colored-black-1.png\",\"width\":1285,\"height\":315,\"caption\":\"AMD BLUE\"},\"image\":{\"@id\":\"https:\/\/amdblue.fr\/#\/schema\/logo\/image\/\"}}]}<\/script>\n<!-- \/ Yoast SEO plugin. -->","yoast_head_json":{"title":"Job Listing - AMD BLUE","robots":{"index":"index","follow":"follow","max-snippet":"max-snippet:-1","max-image-preview":"max-image-preview:large","max-video-preview":"max-video-preview:-1"},"canonical":"https:\/\/amdblue.fr\/en\/job-listing\/","og_locale":"en_US","og_type":"article","og_title":"Job Listing - AMD BLUE","og_description":"Rejoignez-nous Pour en savoir plus sur AMD BLUE, contactez-nous d\u00e8s maintenant. Avec plus de 100 experts du num\u00e9rique, nous mettons l&rsquo;innovation et la contribution individuelle au c\u0153ur de chaque projet. &hellip; Continue reading \"Job Listing\"","og_url":"https:\/\/amdblue.fr\/en\/job-listing\/","og_site_name":"AMD BLUE","article_modified_time":"2024-06-11T12:17:24+00:00","twitter_card":"summary_large_image","twitter_misc":{"Est. reading time":"3 minutes"},"schema":{"@context":"https:\/\/schema.org","@graph":[{"@type":"WebPage","@id":"https:\/\/amdblue.fr\/job-listing\/","url":"https:\/\/amdblue.fr\/job-listing\/","name":"Job Listing - AMD BLUE","isPartOf":{"@id":"https:\/\/amdblue.fr\/#website"},"datePublished":"2024-06-11T12:14:52+00:00","dateModified":"2024-06-11T12:17:24+00:00","breadcrumb":{"@id":"https:\/\/amdblue.fr\/job-listing\/#breadcrumb"},"inLanguage":"en-US","potentialAction":[{"@type":"ReadAction","target":["https:\/\/amdblue.fr\/job-listing\/"]}]},{"@type":"BreadcrumbList","@id":"https:\/\/amdblue.fr\/job-listing\/#breadcrumb","itemListElement":[{"@type":"ListItem","position":1,"name":"Home","item":"https:\/\/amdblue.fr\/"},{"@type":"ListItem","position":2,"name":"Job Listing"}]},{"@type":"WebSite","@id":"https:\/\/amdblue.fr\/#website","url":"https:\/\/amdblue.fr\/","name":"AMD BLUE","description":"Beyond The Ultimate Solution","publisher":{"@id":"https:\/\/amdblue.fr\/#organization"},"potentialAction":[{"@type":"SearchAction","target":{"@type":"EntryPoint","urlTemplate":"https:\/\/amdblue.fr\/?s={search_term_string}"},"query-input":{"@type":"PropertyValueSpecification","valueRequired":true,"valueName":"search_term_string"}}],"inLanguage":"en-US"},{"@type":"Organization","@id":"https:\/\/amdblue.fr\/#organization","name":"AMD BLUE","url":"https:\/\/amdblue.fr\/","logo":{"@type":"ImageObject","inLanguage":"en-US","@id":"https:\/\/amdblue.fr\/#\/schema\/logo\/image\/","url":"https:\/\/amdblue.fr\/wp-content\/uploads\/2024\/05\/Lockup-Horizontal-Colored-black-1.png","contentUrl":"https:\/\/amdblue.fr\/wp-content\/uploads\/2024\/05\/Lockup-Horizontal-Colored-black-1.png","width":1285,"height":315,"caption":"AMD BLUE"},"image":{"@id":"https:\/\/amdblue.fr\/#\/schema\/logo\/image\/"}}]}},"_links":{"self":[{"href":"https:\/\/amdblue.fr\/en\/wp-json\/wp\/v2\/pages\/2662","targetHints":{"allow":["GET"]}}],"collection":[{"href":"https:\/\/amdblue.fr\/en\/wp-json\/wp\/v2\/pages"}],"about":[{"href":"https:\/\/amdblue.fr\/en\/wp-json\/wp\/v2\/types\/page"}],"author":[{"embeddable":true,"href":"https:\/\/amdblue.fr\/en\/wp-json\/wp\/v2\/users\/2"}],"replies":[{"embeddable":true,"href":"https:\/\/amdblue.fr\/en\/wp-json\/wp\/v2\/comments?post=2662"}],"version-history":[{"count":0,"href":"https:\/\/amdblue.fr\/en\/wp-json\/wp\/v2\/pages\/2662\/revisions"}],"wp:attachment":[{"href":"https:\/\/amdblue.fr\/en\/wp-json\/wp\/v2\/media?parent=2662"}],"curies":[{"name":"wp","href":"https:\/\/api.w.org\/{rel}","templated":true}]}}