{"id":2467,"date":"2024-06-10T10:28:41","date_gmt":"2024-06-10T10:28:41","guid":{"rendered":"https:\/\/amdblue.fr\/?page_id=2467"},"modified":"2024-06-11T10:34:32","modified_gmt":"2024-06-11T10:34:32","slug":"rejoignez-nous-2","status":"publish","type":"page","link":"https:\/\/amdblue.fr\/en\/rejoignez-nous-2\/","title":{"rendered":"Nos opportunit\u00e9"},"content":{"rendered":"<div data-elementor-type=\"wp-page\" data-elementor-id=\"2467\" class=\"elementor elementor-2467\" data-elementor-post-type=\"page\">\n\t\t\t\t<div class=\"elementor-element elementor-element-ba89989 e-flex e-con-boxed e-con e-parent\" data-id=\"ba89989\" data-element_type=\"container\" data-settings=\"{&quot;background_background&quot;:&quot;gradient&quot;}\">\n\t\t\t\t\t<div class=\"e-con-inner\">\n\t\t<div class=\"elementor-element elementor-element-a82bb7a e-con-full e-flex e-con e-child\" data-id=\"a82bb7a\" data-element_type=\"container\">\n\t\t\t\t<div class=\"elementor-element elementor-element-42a8d28 elementor-widget__width-inherit elementor-invisible elementor-widget elementor-widget-heading\" data-id=\"42a8d28\" data-element_type=\"widget\" data-settings=\"{&quot;_animation&quot;:&quot;fadeInUp&quot;}\" data-widget_type=\"heading.default\">\n\t\t\t\t<div class=\"elementor-widget-container\">\n\t\t\t\t\t<h1 class=\"elementor-heading-title elementor-size-default\">Join us<\/h1>\t\t\t\t<\/div>\n\t\t\t\t<\/div>\n\t\t\t\t<div class=\"elementor-element elementor-element-3d2e184 elementor-widget__width-inherit elementor-invisible elementor-widget elementor-widget-text-editor\" data-id=\"3d2e184\" data-element_type=\"widget\" data-settings=\"{&quot;_animation&quot;:&quot;fadeIn&quot;,&quot;_animation_delay&quot;:300}\" data-widget_type=\"text-editor.default\">\n\t\t\t\t<div class=\"elementor-widget-container\">\n\t\t\t\t\t\t\t\t\t<p><span class=\"ui-provider a b c d e f g h i j k l m n o p q r s t u v w x y z ab ac ae af ag ah ai aj ak\" dir=\"ltr\">To find out more about <strong>AMD BLUE<\/strong>contact us today. With over 100 digital experts, we put innovation and individual contribution at the heart of every project.<\/span><\/p>\t\t\t\t\t\t\t\t<\/div>\n\t\t\t\t<\/div>\n\t\t\t\t<\/div>\n\t\t<div class=\"elementor-element elementor-element-36af8fa e-con-full e-flex e-con e-child\" data-id=\"36af8fa\" data-element_type=\"container\" data-settings=\"{&quot;background_background&quot;:&quot;classic&quot;}\">\n\t\t<div class=\"elementor-element elementor-element-6c8598f e-con-full e-flex e-con e-child\" data-id=\"6c8598f\" data-element_type=\"container\" data-settings=\"{&quot;background_background&quot;:&quot;classic&quot;}\">\n\t\t\t\t<div class=\"elementor-element elementor-element-f3b9bfc elementor-widget elementor-widget-wpjmc-single-job\" data-id=\"f3b9bfc\" data-element_type=\"widget\" data-widget_type=\"wpjmc-single-job.default\">\n\t\t\t\t<div class=\"elementor-widget-container\">\n\t\t\t\t\t<div class=\"job_shortcode single_job_listing\"><\/div>\t\t\t\t<\/div>\n\t\t\t\t<\/div>\n\t\t\t\t<\/div>\n\t\t\t\t<\/div>\n\t\t\t\t\t<\/div>\n\t\t\t\t<\/div>\n\t\t\t\t<\/div>","protected":false},"excerpt":{"rendered":"<p>Rejoignez-nous Pour en savoir plus sur AMD BLUE, contactez-nous d\u00e8s maintenant. Avec plus de 100 experts du num\u00e9rique, nous mettons l&rsquo;innovation et la contribution individuelle au c\u0153ur de chaque projet. &hellip; <\/p>\n<p class=\"link-more\"><a href=\"https:\/\/amdblue.fr\/en\/rejoignez-nous-2\/\" class=\"more-link\">Continue reading<span class=\"screen-reader-text\"> \u00ab\u00a0Nos opportunit\u00e9\u00a0\u00bb<\/span><\/a><\/p>","protected":false},"author":2,"featured_media":0,"parent":0,"menu_order":0,"comment_status":"closed","ping_status":"closed","template":"elementor_header_footer","meta":{"_monsterinsights_skip_tracking":false,"_monsterinsights_sitenote_active":false,"_monsterinsights_sitenote_note":"","_monsterinsights_sitenote_category":0,"footnotes":""},"class_list":["post-2467","page","type-page","status-publish","hentry"],"yoast_head":"<!-- This site is optimized with the Yoast SEO plugin v25.5 - https:\/\/yoast.com\/wordpress\/plugins\/seo\/ -->\n<title>Nos opportunit\u00e9 - AMD BLUE<\/title>\n<meta name=\"description\" content=\"Entrez dans l\u2019univers des AMEDIENS! Agilit\u00e9, Modernit\u00e9, Durabilit\u00e9 : Notre signature en BLUE, de l\u2019innovation \u00e0 l\u2019excellence.\" \/>\n<meta name=\"robots\" content=\"index, follow, max-snippet:-1, max-image-preview:large, max-video-preview:-1\" \/>\n<link rel=\"canonical\" href=\"https:\/\/amdblue.fr\/en\/rejoignez-nous-2\/\" \/>\n<meta property=\"og:locale\" content=\"en_US\" \/>\n<meta property=\"og:type\" content=\"article\" \/>\n<meta property=\"og:title\" content=\"Nos opportunit\u00e9 - AMD BLUE\" \/>\n<meta property=\"og:description\" content=\"Entrez dans l\u2019univers des AMEDIENS! Agilit\u00e9, Modernit\u00e9, Durabilit\u00e9 : Notre signature en BLUE, de l\u2019innovation \u00e0 l\u2019excellence.\" \/>\n<meta property=\"og:url\" content=\"https:\/\/amdblue.fr\/en\/rejoignez-nous-2\/\" \/>\n<meta property=\"og:site_name\" content=\"AMD BLUE\" \/>\n<meta property=\"article:modified_time\" content=\"2024-06-11T10:34:32+00:00\" \/>\n<meta name=\"twitter:card\" content=\"summary_large_image\" \/>\n<meta name=\"twitter:label1\" content=\"Est. reading time\" \/>\n\t<meta name=\"twitter:data1\" content=\"4 minutes\" \/>\n<script type=\"application\/ld+json\" class=\"yoast-schema-graph\">{\"@context\":\"https:\/\/schema.org\",\"@graph\":[{\"@type\":\"WebPage\",\"@id\":\"https:\/\/amdblue.fr\/rejoignez-nous-2\/\",\"url\":\"https:\/\/amdblue.fr\/rejoignez-nous-2\/\",\"name\":\"Nos opportunit\u00e9 - AMD BLUE\",\"isPartOf\":{\"@id\":\"https:\/\/amdblue.fr\/#website\"},\"datePublished\":\"2024-06-10T10:28:41+00:00\",\"dateModified\":\"2024-06-11T10:34:32+00:00\",\"description\":\"Entrez dans l\u2019univers des AMEDIENS! Agilit\u00e9, Modernit\u00e9, Durabilit\u00e9 : Notre signature en BLUE, de l\u2019innovation \u00e0 l\u2019excellence.\",\"breadcrumb\":{\"@id\":\"https:\/\/amdblue.fr\/rejoignez-nous-2\/#breadcrumb\"},\"inLanguage\":\"en-US\",\"potentialAction\":[{\"@type\":\"ReadAction\",\"target\":[\"https:\/\/amdblue.fr\/rejoignez-nous-2\/\"]}]},{\"@type\":\"BreadcrumbList\",\"@id\":\"https:\/\/amdblue.fr\/rejoignez-nous-2\/#breadcrumb\",\"itemListElement\":[{\"@type\":\"ListItem\",\"position\":1,\"name\":\"Home\",\"item\":\"https:\/\/amdblue.fr\/\"},{\"@type\":\"ListItem\",\"position\":2,\"name\":\"Nos opportunit\u00e9\"}]},{\"@type\":\"WebSite\",\"@id\":\"https:\/\/amdblue.fr\/#website\",\"url\":\"https:\/\/amdblue.fr\/\",\"name\":\"AMD BLUE\",\"description\":\"Beyond The Ultimate Solution\",\"publisher\":{\"@id\":\"https:\/\/amdblue.fr\/#organization\"},\"potentialAction\":[{\"@type\":\"SearchAction\",\"target\":{\"@type\":\"EntryPoint\",\"urlTemplate\":\"https:\/\/amdblue.fr\/?s={search_term_string}\"},\"query-input\":{\"@type\":\"PropertyValueSpecification\",\"valueRequired\":true,\"valueName\":\"search_term_string\"}}],\"inLanguage\":\"en-US\"},{\"@type\":\"Organization\",\"@id\":\"https:\/\/amdblue.fr\/#organization\",\"name\":\"AMD BLUE\",\"url\":\"https:\/\/amdblue.fr\/\",\"logo\":{\"@type\":\"ImageObject\",\"inLanguage\":\"en-US\",\"@id\":\"https:\/\/amdblue.fr\/#\/schema\/logo\/image\/\",\"url\":\"https:\/\/amdblue.fr\/wp-content\/uploads\/2024\/05\/Lockup-Horizontal-Colored-black-1.png\",\"contentUrl\":\"https:\/\/amdblue.fr\/wp-content\/uploads\/2024\/05\/Lockup-Horizontal-Colored-black-1.png\",\"width\":1285,\"height\":315,\"caption\":\"AMD BLUE\"},\"image\":{\"@id\":\"https:\/\/amdblue.fr\/#\/schema\/logo\/image\/\"}}]}<\/script>\n<!-- \/ Yoast SEO plugin. -->","yoast_head_json":{"title":"Nos opportunit\u00e9 - AMD BLUE","description":"Entrez dans l\u2019univers des AMEDIENS! Agilit\u00e9, Modernit\u00e9, Durabilit\u00e9 : Notre signature en BLUE, de l\u2019innovation \u00e0 l\u2019excellence.","robots":{"index":"index","follow":"follow","max-snippet":"max-snippet:-1","max-image-preview":"max-image-preview:large","max-video-preview":"max-video-preview:-1"},"canonical":"https:\/\/amdblue.fr\/en\/rejoignez-nous-2\/","og_locale":"en_US","og_type":"article","og_title":"Nos opportunit\u00e9 - AMD BLUE","og_description":"Entrez dans l\u2019univers des AMEDIENS! Agilit\u00e9, Modernit\u00e9, Durabilit\u00e9 : Notre signature en BLUE, de l\u2019innovation \u00e0 l\u2019excellence.","og_url":"https:\/\/amdblue.fr\/en\/rejoignez-nous-2\/","og_site_name":"AMD BLUE","article_modified_time":"2024-06-11T10:34:32+00:00","twitter_card":"summary_large_image","twitter_misc":{"Est. reading time":"4 minutes"},"schema":{"@context":"https:\/\/schema.org","@graph":[{"@type":"WebPage","@id":"https:\/\/amdblue.fr\/rejoignez-nous-2\/","url":"https:\/\/amdblue.fr\/rejoignez-nous-2\/","name":"Nos opportunit\u00e9 - AMD BLUE","isPartOf":{"@id":"https:\/\/amdblue.fr\/#website"},"datePublished":"2024-06-10T10:28:41+00:00","dateModified":"2024-06-11T10:34:32+00:00","description":"Entrez dans l\u2019univers des AMEDIENS! Agilit\u00e9, Modernit\u00e9, Durabilit\u00e9 : Notre signature en BLUE, de l\u2019innovation \u00e0 l\u2019excellence.","breadcrumb":{"@id":"https:\/\/amdblue.fr\/rejoignez-nous-2\/#breadcrumb"},"inLanguage":"en-US","potentialAction":[{"@type":"ReadAction","target":["https:\/\/amdblue.fr\/rejoignez-nous-2\/"]}]},{"@type":"BreadcrumbList","@id":"https:\/\/amdblue.fr\/rejoignez-nous-2\/#breadcrumb","itemListElement":[{"@type":"ListItem","position":1,"name":"Home","item":"https:\/\/amdblue.fr\/"},{"@type":"ListItem","position":2,"name":"Nos opportunit\u00e9"}]},{"@type":"WebSite","@id":"https:\/\/amdblue.fr\/#website","url":"https:\/\/amdblue.fr\/","name":"AMD BLUE","description":"Beyond The Ultimate Solution","publisher":{"@id":"https:\/\/amdblue.fr\/#organization"},"potentialAction":[{"@type":"SearchAction","target":{"@type":"EntryPoint","urlTemplate":"https:\/\/amdblue.fr\/?s={search_term_string}"},"query-input":{"@type":"PropertyValueSpecification","valueRequired":true,"valueName":"search_term_string"}}],"inLanguage":"en-US"},{"@type":"Organization","@id":"https:\/\/amdblue.fr\/#organization","name":"AMD BLUE","url":"https:\/\/amdblue.fr\/","logo":{"@type":"ImageObject","inLanguage":"en-US","@id":"https:\/\/amdblue.fr\/#\/schema\/logo\/image\/","url":"https:\/\/amdblue.fr\/wp-content\/uploads\/2024\/05\/Lockup-Horizontal-Colored-black-1.png","contentUrl":"https:\/\/amdblue.fr\/wp-content\/uploads\/2024\/05\/Lockup-Horizontal-Colored-black-1.png","width":1285,"height":315,"caption":"AMD BLUE"},"image":{"@id":"https:\/\/amdblue.fr\/#\/schema\/logo\/image\/"}}]}},"_links":{"self":[{"href":"https:\/\/amdblue.fr\/en\/wp-json\/wp\/v2\/pages\/2467","targetHints":{"allow":["GET"]}}],"collection":[{"href":"https:\/\/amdblue.fr\/en\/wp-json\/wp\/v2\/pages"}],"about":[{"href":"https:\/\/amdblue.fr\/en\/wp-json\/wp\/v2\/types\/page"}],"author":[{"embeddable":true,"href":"https:\/\/amdblue.fr\/en\/wp-json\/wp\/v2\/users\/2"}],"replies":[{"embeddable":true,"href":"https:\/\/amdblue.fr\/en\/wp-json\/wp\/v2\/comments?post=2467"}],"version-history":[{"count":0,"href":"https:\/\/amdblue.fr\/en\/wp-json\/wp\/v2\/pages\/2467\/revisions"}],"wp:attachment":[{"href":"https:\/\/amdblue.fr\/en\/wp-json\/wp\/v2\/media?parent=2467"}],"curies":[{"name":"wp","href":"https:\/\/api.w.org\/{rel}","templated":true}]}}