{"id":2192,"date":"2024-06-03T08:14:51","date_gmt":"2024-06-03T08:14:51","guid":{"rendered":"https:\/\/amdblue.fr\/post-a-job\/"},"modified":"2024-06-11T10:40:00","modified_gmt":"2024-06-11T10:40:00","slug":"post-a-job","status":"publish","type":"page","link":"https:\/\/amdblue.fr\/en\/post-a-job\/","title":{"rendered":"Post a Job"},"content":{"rendered":"<div data-elementor-type=\"wp-page\" data-elementor-id=\"2192\" class=\"elementor elementor-2192\" data-elementor-post-type=\"page\">\n\t\t\t\t<div class=\"elementor-element elementor-element-f99176b e-flex e-con-boxed e-con e-parent\" data-id=\"f99176b\" data-element_type=\"container\" data-settings=\"{&quot;background_background&quot;:&quot;gradient&quot;}\">\n\t\t\t\t\t<div class=\"e-con-inner\">\n\t\t<div class=\"elementor-element elementor-element-6a63fd0 e-con-full e-flex e-con e-child\" data-id=\"6a63fd0\" data-element_type=\"container\">\n\t\t\t\t<div class=\"elementor-element elementor-element-f16c4b3 elementor-widget__width-inherit elementor-invisible elementor-widget elementor-widget-heading\" data-id=\"f16c4b3\" data-element_type=\"widget\" data-settings=\"{&quot;_animation&quot;:&quot;fadeInUp&quot;}\" data-widget_type=\"heading.default\">\n\t\t\t\t<div class=\"elementor-widget-container\">\n\t\t\t\t\t<h1 class=\"elementor-heading-title elementor-size-default\">Join us<\/h1>\t\t\t\t<\/div>\n\t\t\t\t<\/div>\n\t\t\t\t<div class=\"elementor-element elementor-element-dd81e9f elementor-widget__width-inherit elementor-invisible elementor-widget elementor-widget-text-editor\" data-id=\"dd81e9f\" data-element_type=\"widget\" data-settings=\"{&quot;_animation&quot;:&quot;fadeIn&quot;,&quot;_animation_delay&quot;:300}\" data-widget_type=\"text-editor.default\">\n\t\t\t\t<div class=\"elementor-widget-container\">\n\t\t\t\t\t\t\t\t\t<p><span class=\"ui-provider a b c d e f g h i j k l m n o p q r s t u v w x y z ab ac ae af ag ah ai aj ak\" dir=\"ltr\">To find out more about <strong>AMD BLUE<\/strong>contact us today. With over 100 digital experts, we put innovation and individual contribution at the heart of every project.<\/span><\/p>\t\t\t\t\t\t\t\t<\/div>\n\t\t\t\t<\/div>\n\t\t\t\t<\/div>\n\t\t<div class=\"elementor-element elementor-element-4e254d3 e-con-full e-flex e-con e-child\" data-id=\"4e254d3\" data-element_type=\"container\" data-settings=\"{&quot;background_background&quot;:&quot;classic&quot;}\">\n\t\t<div class=\"elementor-element elementor-element-701d501 e-con-full e-flex e-con e-child\" data-id=\"701d501\" data-element_type=\"container\" data-settings=\"{&quot;background_background&quot;:&quot;classic&quot;}\">\n\t\t\t\t<div class=\"elementor-element elementor-element-7e66af9 elementor-widget elementor-widget-wpjmc-submit-job-form\" data-id=\"7e66af9\" data-element_type=\"widget\" data-widget_type=\"wpjmc-submit-job-form.default\">\n\t\t\t\t<div class=\"elementor-widget-container\">\n\t\t\t\t\t<style>.elementor-element-7e66af9 .job-manager-form fieldset select {position: relative !important; z-index: 99999; font-padding: 1.2em}.elementor-element-7e66af9 .select2-container .select2-selection--multiple .select2-selection__rendered {margin: 0;}<\/style><form action=\"\/en\/wp-json\/wp\/v2\/pages\/2192\" method=\"post\" id=\"submit-job-form\" class=\"job-manager-form\" enctype=\"multipart\/form-data\" data-trp-original-action=\"\/en\/wp-json\/wp\/v2\/pages\/2192\">\n\n\t\n\t\n\t\n\t\t\t<fieldset class=\"fieldset-login_required\">\n\t\t<label>Have an account?<\/label>\n\t\t<div class=\"field account-sign-in\">\n\t\t\t<a class=\"button\" href=\"https:\/\/amdblue.fr\/wp-login.php?redirect_to=https%3A%2F%2Famdblue.fr%2Fen%2Fpost-a-job%2F\">Sign in<\/a>\n\n\t\t\t\n\t\t\t\tYou must sign in to create a new listing.\n\t\t\t\t\t<\/div>\n\t<\/fieldset>\n\t\n\t\n\t\n\t\t\n\t<input type=\"hidden\" name=\"trp-form-language\" value=\"en\"\/><\/form>\n\t\t\t\t<\/div>\n\t\t\t\t<\/div>\n\t\t\t\t<\/div>\n\t\t\t\t<\/div>\n\t\t\t\t\t<\/div>\n\t\t\t\t<\/div>\n\t\t\t\t<\/div>","protected":false},"excerpt":{"rendered":"<p>Rejoignez-nous Pour en savoir plus sur AMD BLUE, contactez-nous d\u00e8s maintenant. Avec plus de 100 experts du num\u00e9rique, nous mettons l&rsquo;innovation et la contribution individuelle au c\u0153ur de chaque projet. &hellip; <\/p>\n<p class=\"link-more\"><a href=\"https:\/\/amdblue.fr\/en\/post-a-job\/\" class=\"more-link\">Continue reading<span class=\"screen-reader-text\"> \u00ab\u00a0Post a Job\u00a0\u00bb<\/span><\/a><\/p>","protected":false},"author":1,"featured_media":0,"parent":0,"menu_order":0,"comment_status":"closed","ping_status":"closed","template":"elementor_header_footer","meta":{"_monsterinsights_skip_tracking":false,"_monsterinsights_sitenote_active":false,"_monsterinsights_sitenote_note":"","_monsterinsights_sitenote_category":0,"footnotes":""},"class_list":["post-2192","page","type-page","status-publish","hentry"],"yoast_head":"<!-- This site is optimized with the Yoast SEO plugin v25.5 - https:\/\/yoast.com\/wordpress\/plugins\/seo\/ -->\n<title>Post a Job - AMD BLUE<\/title>\n<meta name=\"robots\" content=\"index, follow, max-snippet:-1, max-image-preview:large, max-video-preview:-1\" \/>\n<link rel=\"canonical\" href=\"https:\/\/amdblue.fr\/en\/post-a-job\/\" \/>\n<meta property=\"og:locale\" content=\"en_US\" \/>\n<meta property=\"og:type\" content=\"article\" \/>\n<meta property=\"og:title\" content=\"Post a Job - AMD BLUE\" \/>\n<meta property=\"og:description\" content=\"Rejoignez-nous Pour en savoir plus sur AMD BLUE, contactez-nous d\u00e8s maintenant. Avec plus de 100 experts du num\u00e9rique, nous mettons l&rsquo;innovation et la contribution individuelle au c\u0153ur de chaque projet. &hellip; Continue reading &quot;Post a Job&quot;\" \/>\n<meta property=\"og:url\" content=\"https:\/\/amdblue.fr\/en\/post-a-job\/\" \/>\n<meta property=\"og:site_name\" content=\"AMD BLUE\" \/>\n<meta property=\"article:modified_time\" content=\"2024-06-11T10:40:00+00:00\" \/>\n<meta name=\"twitter:card\" content=\"summary_large_image\" \/>\n<meta name=\"twitter:label1\" content=\"Est. reading time\" \/>\n\t<meta name=\"twitter:data1\" content=\"1 minute\" \/>\n<script type=\"application\/ld+json\" class=\"yoast-schema-graph\">{\"@context\":\"https:\/\/schema.org\",\"@graph\":[{\"@type\":\"WebPage\",\"@id\":\"https:\/\/amdblue.fr\/post-a-job\/\",\"url\":\"https:\/\/amdblue.fr\/post-a-job\/\",\"name\":\"Post a Job - AMD BLUE\",\"isPartOf\":{\"@id\":\"https:\/\/amdblue.fr\/#website\"},\"datePublished\":\"2024-06-03T08:14:51+00:00\",\"dateModified\":\"2024-06-11T10:40:00+00:00\",\"breadcrumb\":{\"@id\":\"https:\/\/amdblue.fr\/post-a-job\/#breadcrumb\"},\"inLanguage\":\"en-US\",\"potentialAction\":[{\"@type\":\"ReadAction\",\"target\":[\"https:\/\/amdblue.fr\/post-a-job\/\"]}]},{\"@type\":\"BreadcrumbList\",\"@id\":\"https:\/\/amdblue.fr\/post-a-job\/#breadcrumb\",\"itemListElement\":[{\"@type\":\"ListItem\",\"position\":1,\"name\":\"Home\",\"item\":\"https:\/\/amdblue.fr\/\"},{\"@type\":\"ListItem\",\"position\":2,\"name\":\"Post a Job\"}]},{\"@type\":\"WebSite\",\"@id\":\"https:\/\/amdblue.fr\/#website\",\"url\":\"https:\/\/amdblue.fr\/\",\"name\":\"AMD BLUE\",\"description\":\"Beyond The Ultimate Solution\",\"publisher\":{\"@id\":\"https:\/\/amdblue.fr\/#organization\"},\"potentialAction\":[{\"@type\":\"SearchAction\",\"target\":{\"@type\":\"EntryPoint\",\"urlTemplate\":\"https:\/\/amdblue.fr\/?s={search_term_string}\"},\"query-input\":{\"@type\":\"PropertyValueSpecification\",\"valueRequired\":true,\"valueName\":\"search_term_string\"}}],\"inLanguage\":\"en-US\"},{\"@type\":\"Organization\",\"@id\":\"https:\/\/amdblue.fr\/#organization\",\"name\":\"AMD BLUE\",\"url\":\"https:\/\/amdblue.fr\/\",\"logo\":{\"@type\":\"ImageObject\",\"inLanguage\":\"en-US\",\"@id\":\"https:\/\/amdblue.fr\/#\/schema\/logo\/image\/\",\"url\":\"https:\/\/amdblue.fr\/wp-content\/uploads\/2024\/05\/Lockup-Horizontal-Colored-black-1.png\",\"contentUrl\":\"https:\/\/amdblue.fr\/wp-content\/uploads\/2024\/05\/Lockup-Horizontal-Colored-black-1.png\",\"width\":1285,\"height\":315,\"caption\":\"AMD BLUE\"},\"image\":{\"@id\":\"https:\/\/amdblue.fr\/#\/schema\/logo\/image\/\"}}]}<\/script>\n<!-- \/ Yoast SEO plugin. -->","yoast_head_json":{"title":"Post a Job - AMD BLUE","robots":{"index":"index","follow":"follow","max-snippet":"max-snippet:-1","max-image-preview":"max-image-preview:large","max-video-preview":"max-video-preview:-1"},"canonical":"https:\/\/amdblue.fr\/en\/post-a-job\/","og_locale":"en_US","og_type":"article","og_title":"Post a Job - AMD BLUE","og_description":"Rejoignez-nous Pour en savoir plus sur AMD BLUE, contactez-nous d\u00e8s maintenant. Avec plus de 100 experts du num\u00e9rique, nous mettons l&rsquo;innovation et la contribution individuelle au c\u0153ur de chaque projet. &hellip; Continue reading \"Post a Job\"","og_url":"https:\/\/amdblue.fr\/en\/post-a-job\/","og_site_name":"AMD BLUE","article_modified_time":"2024-06-11T10:40:00+00:00","twitter_card":"summary_large_image","twitter_misc":{"Est. reading time":"1 minute"},"schema":{"@context":"https:\/\/schema.org","@graph":[{"@type":"WebPage","@id":"https:\/\/amdblue.fr\/post-a-job\/","url":"https:\/\/amdblue.fr\/post-a-job\/","name":"Post a Job - AMD BLUE","isPartOf":{"@id":"https:\/\/amdblue.fr\/#website"},"datePublished":"2024-06-03T08:14:51+00:00","dateModified":"2024-06-11T10:40:00+00:00","breadcrumb":{"@id":"https:\/\/amdblue.fr\/post-a-job\/#breadcrumb"},"inLanguage":"en-US","potentialAction":[{"@type":"ReadAction","target":["https:\/\/amdblue.fr\/post-a-job\/"]}]},{"@type":"BreadcrumbList","@id":"https:\/\/amdblue.fr\/post-a-job\/#breadcrumb","itemListElement":[{"@type":"ListItem","position":1,"name":"Home","item":"https:\/\/amdblue.fr\/"},{"@type":"ListItem","position":2,"name":"Post a Job"}]},{"@type":"WebSite","@id":"https:\/\/amdblue.fr\/#website","url":"https:\/\/amdblue.fr\/","name":"AMD BLUE","description":"Beyond The Ultimate Solution","publisher":{"@id":"https:\/\/amdblue.fr\/#organization"},"potentialAction":[{"@type":"SearchAction","target":{"@type":"EntryPoint","urlTemplate":"https:\/\/amdblue.fr\/?s={search_term_string}"},"query-input":{"@type":"PropertyValueSpecification","valueRequired":true,"valueName":"search_term_string"}}],"inLanguage":"en-US"},{"@type":"Organization","@id":"https:\/\/amdblue.fr\/#organization","name":"AMD BLUE","url":"https:\/\/amdblue.fr\/","logo":{"@type":"ImageObject","inLanguage":"en-US","@id":"https:\/\/amdblue.fr\/#\/schema\/logo\/image\/","url":"https:\/\/amdblue.fr\/wp-content\/uploads\/2024\/05\/Lockup-Horizontal-Colored-black-1.png","contentUrl":"https:\/\/amdblue.fr\/wp-content\/uploads\/2024\/05\/Lockup-Horizontal-Colored-black-1.png","width":1285,"height":315,"caption":"AMD BLUE"},"image":{"@id":"https:\/\/amdblue.fr\/#\/schema\/logo\/image\/"}}]}},"_links":{"self":[{"href":"https:\/\/amdblue.fr\/en\/wp-json\/wp\/v2\/pages\/2192","targetHints":{"allow":["GET"]}}],"collection":[{"href":"https:\/\/amdblue.fr\/en\/wp-json\/wp\/v2\/pages"}],"about":[{"href":"https:\/\/amdblue.fr\/en\/wp-json\/wp\/v2\/types\/page"}],"author":[{"embeddable":true,"href":"https:\/\/amdblue.fr\/en\/wp-json\/wp\/v2\/users\/1"}],"replies":[{"embeddable":true,"href":"https:\/\/amdblue.fr\/en\/wp-json\/wp\/v2\/comments?post=2192"}],"version-history":[{"count":0,"href":"https:\/\/amdblue.fr\/en\/wp-json\/wp\/v2\/pages\/2192\/revisions"}],"wp:attachment":[{"href":"https:\/\/amdblue.fr\/en\/wp-json\/wp\/v2\/media?parent=2192"}],"curies":[{"name":"wp","href":"https:\/\/api.w.org\/{rel}","templated":true}]}}