{"id":2160,"date":"2024-06-03T07:30:44","date_gmt":"2024-06-03T07:30:44","guid":{"rendered":"https:\/\/amdblue.fr\/?page_id=2160"},"modified":"2024-06-11T08:54:09","modified_gmt":"2024-06-11T08:54:09","slug":"jobs","status":"publish","type":"page","link":"https:\/\/amdblue.fr\/en\/jobs\/","title":{"rendered":"Jobs"},"content":{"rendered":"<div data-elementor-type=\"wp-page\" data-elementor-id=\"2160\" class=\"elementor elementor-2160\" data-elementor-post-type=\"page\">\n\t\t\t\t<div class=\"elementor-element elementor-element-8313672 e-flex e-con-boxed e-con e-parent\" data-id=\"8313672\" data-element_type=\"container\" data-settings=\"{&quot;background_background&quot;:&quot;gradient&quot;}\">\n\t\t\t\t\t<div class=\"e-con-inner\">\n\t\t<div class=\"elementor-element elementor-element-25d2b5a e-con-full e-flex e-con e-child\" data-id=\"25d2b5a\" data-element_type=\"container\">\n\t\t\t\t<div class=\"elementor-element elementor-element-ef4daf0 elementor-widget__width-inherit elementor-invisible elementor-widget elementor-widget-heading\" data-id=\"ef4daf0\" data-element_type=\"widget\" data-settings=\"{&quot;_animation&quot;:&quot;fadeInUp&quot;}\" data-widget_type=\"heading.default\">\n\t\t\t\t<div class=\"elementor-widget-container\">\n\t\t\t\t\t<h1 class=\"elementor-heading-title elementor-size-default\">Join us<\/h1>\t\t\t\t<\/div>\n\t\t\t\t<\/div>\n\t\t\t\t<div class=\"elementor-element elementor-element-3e2e37c elementor-widget__width-inherit elementor-invisible elementor-widget elementor-widget-text-editor\" data-id=\"3e2e37c\" data-element_type=\"widget\" data-settings=\"{&quot;_animation&quot;:&quot;fadeIn&quot;,&quot;_animation_delay&quot;:300}\" data-widget_type=\"text-editor.default\">\n\t\t\t\t<div class=\"elementor-widget-container\">\n\t\t\t\t\t\t\t\t\t<p><span class=\"ui-provider a b c d e f g h i j k l m n o p q r s t u v w x y z ab ac ae af ag ah ai aj ak\" dir=\"ltr\">To find out more about <strong>AMD BLUE<\/strong>contact us today. With over 100 digital experts, we put innovation and individual contribution at the heart of every project.<\/span><\/p>\t\t\t\t\t\t\t\t<\/div>\n\t\t\t\t<\/div>\n\t\t\t\t<\/div>\n\t\t<div class=\"elementor-element elementor-element-cc0b457 e-con-full e-flex e-con e-child\" data-id=\"cc0b457\" data-element_type=\"container\" data-settings=\"{&quot;background_background&quot;:&quot;classic&quot;}\">\n\t\t<div class=\"elementor-element elementor-element-c6d517d e-con-full e-flex e-con e-child\" data-id=\"c6d517d\" data-element_type=\"container\" data-settings=\"{&quot;background_background&quot;:&quot;classic&quot;}\">\n\t\t\t\t<div class=\"elementor-element elementor-element-7914e5e elementor-widget elementor-widget-wpjmc-submit-job-preview\" data-id=\"7914e5e\" data-element_type=\"widget\" data-widget_type=\"wpjmc-submit-job-preview.default\">\n\t\t\t\t<div class=\"elementor-widget-container\">\n\t\t\t\t\t\n\t\t<div class=\"job_listing_preview_title\">\n\t\t\t<input type=\"submit\" name=\"continue\" id=\"job_preview_submit_button\" class=\"button job-manager-button-submit-listing\" value=\"Submit Listing\" \/>\n\t\t\t<input type=\"submit\" name=\"edit_job\" class=\"button job-manager-button-edit-listing\" value=\"Edit listing\" \/>\n\t\t\t<h2>Preview<\/h2>\n\t\t<\/div>\n\n\t\t<div class=\"job_listing_preview single_job_listing\">\n\t\t\t\t\t<\/div>\n\n\t\t\t\t\t\t<\/div>\n\t\t\t\t<\/div>\n\t\t\t\t<\/div>\n\t\t\t\t<\/div>\n\t\t\t\t\t<\/div>\n\t\t\t\t<\/div>\n\t\t\t\t<\/div>","protected":false},"excerpt":{"rendered":"<p>Rejoignez-nous Pour en savoir plus sur AMD BLUE, contactez-nous d\u00e8s maintenant. Avec plus de 100 experts du num\u00e9rique, nous mettons l&rsquo;innovation et la contribution individuelle au c\u0153ur de chaque projet. &hellip; <\/p>\n<p class=\"link-more\"><a href=\"https:\/\/amdblue.fr\/en\/jobs\/\" class=\"more-link\">Continue reading<span class=\"screen-reader-text\"> \u00ab\u00a0Jobs\u00a0\u00bb<\/span><\/a><\/p>","protected":false},"author":2,"featured_media":0,"parent":0,"menu_order":0,"comment_status":"closed","ping_status":"closed","template":"elementor_header_footer","meta":{"_monsterinsights_skip_tracking":false,"_monsterinsights_sitenote_active":false,"_monsterinsights_sitenote_note":"","_monsterinsights_sitenote_category":0,"footnotes":""},"class_list":["post-2160","page","type-page","status-publish","hentry"],"yoast_head":"<!-- This site is optimized with the Yoast SEO plugin v25.5 - https:\/\/yoast.com\/wordpress\/plugins\/seo\/ -->\n<title>Jobs - AMD BLUE<\/title>\n<meta name=\"robots\" content=\"index, follow, max-snippet:-1, max-image-preview:large, max-video-preview:-1\" \/>\n<link rel=\"canonical\" href=\"https:\/\/amdblue.fr\/en\/jobs\/\" \/>\n<meta property=\"og:locale\" content=\"en_US\" \/>\n<meta property=\"og:type\" content=\"article\" \/>\n<meta property=\"og:title\" content=\"Jobs - AMD BLUE\" \/>\n<meta property=\"og:description\" content=\"Rejoignez-nous Pour en savoir plus sur AMD BLUE, contactez-nous d\u00e8s maintenant. Avec plus de 100 experts du num\u00e9rique, nous mettons l&rsquo;innovation et la contribution individuelle au c\u0153ur de chaque projet. &hellip; Continue reading &quot;Jobs&quot;\" \/>\n<meta property=\"og:url\" content=\"https:\/\/amdblue.fr\/en\/jobs\/\" \/>\n<meta property=\"og:site_name\" content=\"AMD BLUE\" \/>\n<meta property=\"article:modified_time\" content=\"2024-06-11T08:54:09+00:00\" \/>\n<meta name=\"twitter:card\" content=\"summary_large_image\" \/>\n<meta name=\"twitter:label1\" content=\"Est. reading time\" \/>\n\t<meta name=\"twitter:data1\" content=\"4 minutes\" \/>\n<script type=\"application\/ld+json\" class=\"yoast-schema-graph\">{\"@context\":\"https:\/\/schema.org\",\"@graph\":[{\"@type\":\"WebPage\",\"@id\":\"https:\/\/amdblue.fr\/jobs\/\",\"url\":\"https:\/\/amdblue.fr\/jobs\/\",\"name\":\"Jobs - AMD BLUE\",\"isPartOf\":{\"@id\":\"https:\/\/amdblue.fr\/#website\"},\"datePublished\":\"2024-06-03T07:30:44+00:00\",\"dateModified\":\"2024-06-11T08:54:09+00:00\",\"breadcrumb\":{\"@id\":\"https:\/\/amdblue.fr\/jobs\/#breadcrumb\"},\"inLanguage\":\"en-US\",\"potentialAction\":[{\"@type\":\"ReadAction\",\"target\":[\"https:\/\/amdblue.fr\/jobs\/\"]}]},{\"@type\":\"BreadcrumbList\",\"@id\":\"https:\/\/amdblue.fr\/jobs\/#breadcrumb\",\"itemListElement\":[{\"@type\":\"ListItem\",\"position\":1,\"name\":\"Home\",\"item\":\"https:\/\/amdblue.fr\/\"},{\"@type\":\"ListItem\",\"position\":2,\"name\":\"Jobs\"}]},{\"@type\":\"WebSite\",\"@id\":\"https:\/\/amdblue.fr\/#website\",\"url\":\"https:\/\/amdblue.fr\/\",\"name\":\"AMD BLUE\",\"description\":\"Beyond The Ultimate Solution\",\"publisher\":{\"@id\":\"https:\/\/amdblue.fr\/#organization\"},\"potentialAction\":[{\"@type\":\"SearchAction\",\"target\":{\"@type\":\"EntryPoint\",\"urlTemplate\":\"https:\/\/amdblue.fr\/?s={search_term_string}\"},\"query-input\":{\"@type\":\"PropertyValueSpecification\",\"valueRequired\":true,\"valueName\":\"search_term_string\"}}],\"inLanguage\":\"en-US\"},{\"@type\":\"Organization\",\"@id\":\"https:\/\/amdblue.fr\/#organization\",\"name\":\"AMD BLUE\",\"url\":\"https:\/\/amdblue.fr\/\",\"logo\":{\"@type\":\"ImageObject\",\"inLanguage\":\"en-US\",\"@id\":\"https:\/\/amdblue.fr\/#\/schema\/logo\/image\/\",\"url\":\"https:\/\/amdblue.fr\/wp-content\/uploads\/2024\/05\/Lockup-Horizontal-Colored-black-1.png\",\"contentUrl\":\"https:\/\/amdblue.fr\/wp-content\/uploads\/2024\/05\/Lockup-Horizontal-Colored-black-1.png\",\"width\":1285,\"height\":315,\"caption\":\"AMD BLUE\"},\"image\":{\"@id\":\"https:\/\/amdblue.fr\/#\/schema\/logo\/image\/\"}}]}<\/script>\n<!-- \/ Yoast SEO plugin. -->","yoast_head_json":{"title":"Jobs - AMD BLUE","robots":{"index":"index","follow":"follow","max-snippet":"max-snippet:-1","max-image-preview":"max-image-preview:large","max-video-preview":"max-video-preview:-1"},"canonical":"https:\/\/amdblue.fr\/en\/jobs\/","og_locale":"en_US","og_type":"article","og_title":"Jobs - AMD BLUE","og_description":"Rejoignez-nous Pour en savoir plus sur AMD BLUE, contactez-nous d\u00e8s maintenant. Avec plus de 100 experts du num\u00e9rique, nous mettons l&rsquo;innovation et la contribution individuelle au c\u0153ur de chaque projet. &hellip; Continue reading \"Jobs\"","og_url":"https:\/\/amdblue.fr\/en\/jobs\/","og_site_name":"AMD BLUE","article_modified_time":"2024-06-11T08:54:09+00:00","twitter_card":"summary_large_image","twitter_misc":{"Est. reading time":"4 minutes"},"schema":{"@context":"https:\/\/schema.org","@graph":[{"@type":"WebPage","@id":"https:\/\/amdblue.fr\/jobs\/","url":"https:\/\/amdblue.fr\/jobs\/","name":"Jobs - AMD BLUE","isPartOf":{"@id":"https:\/\/amdblue.fr\/#website"},"datePublished":"2024-06-03T07:30:44+00:00","dateModified":"2024-06-11T08:54:09+00:00","breadcrumb":{"@id":"https:\/\/amdblue.fr\/jobs\/#breadcrumb"},"inLanguage":"en-US","potentialAction":[{"@type":"ReadAction","target":["https:\/\/amdblue.fr\/jobs\/"]}]},{"@type":"BreadcrumbList","@id":"https:\/\/amdblue.fr\/jobs\/#breadcrumb","itemListElement":[{"@type":"ListItem","position":1,"name":"Home","item":"https:\/\/amdblue.fr\/"},{"@type":"ListItem","position":2,"name":"Jobs"}]},{"@type":"WebSite","@id":"https:\/\/amdblue.fr\/#website","url":"https:\/\/amdblue.fr\/","name":"AMD BLUE","description":"Beyond The Ultimate Solution","publisher":{"@id":"https:\/\/amdblue.fr\/#organization"},"potentialAction":[{"@type":"SearchAction","target":{"@type":"EntryPoint","urlTemplate":"https:\/\/amdblue.fr\/?s={search_term_string}"},"query-input":{"@type":"PropertyValueSpecification","valueRequired":true,"valueName":"search_term_string"}}],"inLanguage":"en-US"},{"@type":"Organization","@id":"https:\/\/amdblue.fr\/#organization","name":"AMD BLUE","url":"https:\/\/amdblue.fr\/","logo":{"@type":"ImageObject","inLanguage":"en-US","@id":"https:\/\/amdblue.fr\/#\/schema\/logo\/image\/","url":"https:\/\/amdblue.fr\/wp-content\/uploads\/2024\/05\/Lockup-Horizontal-Colored-black-1.png","contentUrl":"https:\/\/amdblue.fr\/wp-content\/uploads\/2024\/05\/Lockup-Horizontal-Colored-black-1.png","width":1285,"height":315,"caption":"AMD BLUE"},"image":{"@id":"https:\/\/amdblue.fr\/#\/schema\/logo\/image\/"}}]}},"_links":{"self":[{"href":"https:\/\/amdblue.fr\/en\/wp-json\/wp\/v2\/pages\/2160","targetHints":{"allow":["GET"]}}],"collection":[{"href":"https:\/\/amdblue.fr\/en\/wp-json\/wp\/v2\/pages"}],"about":[{"href":"https:\/\/amdblue.fr\/en\/wp-json\/wp\/v2\/types\/page"}],"author":[{"embeddable":true,"href":"https:\/\/amdblue.fr\/en\/wp-json\/wp\/v2\/users\/2"}],"replies":[{"embeddable":true,"href":"https:\/\/amdblue.fr\/en\/wp-json\/wp\/v2\/comments?post=2160"}],"version-history":[{"count":0,"href":"https:\/\/amdblue.fr\/en\/wp-json\/wp\/v2\/pages\/2160\/revisions"}],"wp:attachment":[{"href":"https:\/\/amdblue.fr\/en\/wp-json\/wp\/v2\/media?parent=2160"}],"curies":[{"name":"wp","href":"https:\/\/api.w.org\/{rel}","templated":true}]}}